{"id":9999,"date":"2023-06-27T14:08:32","date_gmt":"2023-06-27T12:08:32","guid":{"rendered":"https:\/\/www.pastahouse.ro\/?post_type=product&#038;p=9999"},"modified":"2025-08-15T12:21:57","modified_gmt":"2025-08-15T10:21:57","slug":"salata-de-paste-primavera-400g","status":"publish","type":"product","link":"https:\/\/www.pastahouse.ro\/en\/product\/salata-de-paste-primavera-400g\/","title":{"rendered":"SALATA DE PASTE PRIMAVERA 400g"},"content":{"rendered":"<p><strong>Penne<\/strong> proaspete fierte, produc\u021bie proprie (f\u0103in\u0103 de gr\u00e2u dur remacinat\u0103, ou), <strong>Rosii cherry<\/strong>, <strong>Mini mozzarella<\/strong>, <strong>Baby sapanac<\/strong>, <strong>Parmezan<\/strong>, \u00a0<strong>Sare<\/strong>, <strong>Piper<\/strong>,<\/p>\n<p><strong>Nuci<\/strong>, <strong>Pesto Homemdade &#8211; <\/strong>busuioc ,\u00a0 spanac , usturoi , nuci , ulei de masline ,parmezan , apa sare\/ piper<\/p>","protected":false},"excerpt":{"rendered":"<p>400g<\/p>","protected":false},"featured_media":10005,"comment_status":"open","ping_status":"closed","template":"","meta":{"_acf_changed":false,"inline_featured_image":false},"product_brand":[],"product_cat":[263],"product_tag":[265],"class_list":{"0":"post-9999","1":"product","2":"type-product","3":"status-publish","4":"has-post-thumbnail","6":"product_cat-salate","7":"product_tag-salata-de-paste","9":"first","10":"instock","11":"shipping-taxable","12":"purchasable","13":"product-type-simple"},"acf":[],"aioseo_notices":[],"_links":{"self":[{"href":"https:\/\/www.pastahouse.ro\/en\/wp-json\/wp\/v2\/product\/9999","targetHints":{"allow":["GET"]}}],"collection":[{"href":"https:\/\/www.pastahouse.ro\/en\/wp-json\/wp\/v2\/product"}],"about":[{"href":"https:\/\/www.pastahouse.ro\/en\/wp-json\/wp\/v2\/types\/product"}],"replies":[{"embeddable":true,"href":"https:\/\/www.pastahouse.ro\/en\/wp-json\/wp\/v2\/comments?post=9999"}],"version-history":[{"count":1,"href":"https:\/\/www.pastahouse.ro\/en\/wp-json\/wp\/v2\/product\/9999\/revisions"}],"predecessor-version":[{"id":10385,"href":"https:\/\/www.pastahouse.ro\/en\/wp-json\/wp\/v2\/product\/9999\/revisions\/10385"}],"wp:featuredmedia":[{"embeddable":true,"href":"https:\/\/www.pastahouse.ro\/en\/wp-json\/wp\/v2\/media\/10005"}],"wp:attachment":[{"href":"https:\/\/www.pastahouse.ro\/en\/wp-json\/wp\/v2\/media?parent=9999"}],"wp:term":[{"taxonomy":"product_brand","embeddable":true,"href":"https:\/\/www.pastahouse.ro\/en\/wp-json\/wp\/v2\/product_brand?post=9999"},{"taxonomy":"product_cat","embeddable":true,"href":"https:\/\/www.pastahouse.ro\/en\/wp-json\/wp\/v2\/product_cat?post=9999"},{"taxonomy":"product_tag","embeddable":true,"href":"https:\/\/www.pastahouse.ro\/en\/wp-json\/wp\/v2\/product_tag?post=9999"}],"curies":[{"name":"wp","href":"https:\/\/api.w.org\/{rel}","templated":true}]}}