{"id":9706,"date":"2023-01-25T10:43:09","date_gmt":"2023-01-25T08:43:09","guid":{"rendered":"https:\/\/www.pastahouse.ro\/?post_type=product&#038;p=9706"},"modified":"2025-08-15T12:24:33","modified_gmt":"2025-08-15T10:24:33","slug":"pasta-alla-norma-kids","status":"publish","type":"product","link":"https:\/\/www.pastahouse.ro\/en\/product\/pasta-alla-norma-kids\/","title":{"rendered":"PASTA ALLA NORMA KIDS"},"content":{"rendered":"<p>Ingrediente: paste produc\u021bie proprie, spaghetti (<strong>f\u0103in\u0103 gr\u00e2u dur remacinat\u0103<\/strong>, <strong>ou<\/strong>), suc de ro\u0219ii, ceap\u0103, ardei gras, zucchini, ciuperci champignon, ro\u0219ii cherry, usturoi, busuioc, sare, piper, <strong>parmezan <\/strong>(op\u021bional)<\/p>","protected":false},"excerpt":{"rendered":"<p>250 g<\/p>","protected":false},"featured_media":8891,"comment_status":"open","ping_status":"closed","template":"","meta":{"_acf_changed":false,"inline_featured_image":false},"product_brand":[],"product_cat":[249,274],"product_tag":[187,207,186,220],"class_list":{"0":"post-9706","1":"product","2":"type-product","3":"status-publish","4":"has-post-thumbnail","6":"product_cat-pasta-kids","7":"product_cat-vegetarian","8":"product_tag-busuioc","9":"product_tag-ciuperci-champignon","10":"product_tag-passata","11":"product_tag-zucchini","13":"first","14":"instock","15":"shipping-taxable","16":"purchasable","17":"product-type-simple"},"acf":[],"aioseo_notices":[],"_links":{"self":[{"href":"https:\/\/www.pastahouse.ro\/en\/wp-json\/wp\/v2\/product\/9706","targetHints":{"allow":["GET"]}}],"collection":[{"href":"https:\/\/www.pastahouse.ro\/en\/wp-json\/wp\/v2\/product"}],"about":[{"href":"https:\/\/www.pastahouse.ro\/en\/wp-json\/wp\/v2\/types\/product"}],"replies":[{"embeddable":true,"href":"https:\/\/www.pastahouse.ro\/en\/wp-json\/wp\/v2\/comments?post=9706"}],"version-history":[{"count":0,"href":"https:\/\/www.pastahouse.ro\/en\/wp-json\/wp\/v2\/product\/9706\/revisions"}],"wp:featuredmedia":[{"embeddable":true,"href":"https:\/\/www.pastahouse.ro\/en\/wp-json\/wp\/v2\/media\/8891"}],"wp:attachment":[{"href":"https:\/\/www.pastahouse.ro\/en\/wp-json\/wp\/v2\/media?parent=9706"}],"wp:term":[{"taxonomy":"product_brand","embeddable":true,"href":"https:\/\/www.pastahouse.ro\/en\/wp-json\/wp\/v2\/product_brand?post=9706"},{"taxonomy":"product_cat","embeddable":true,"href":"https:\/\/www.pastahouse.ro\/en\/wp-json\/wp\/v2\/product_cat?post=9706"},{"taxonomy":"product_tag","embeddable":true,"href":"https:\/\/www.pastahouse.ro\/en\/wp-json\/wp\/v2\/product_tag?post=9706"}],"curies":[{"name":"wp","href":"https:\/\/api.w.org\/{rel}","templated":true}]}}