{"id":9698,"date":"2023-01-21T22:19:04","date_gmt":"2023-01-21T20:19:04","guid":{"rendered":"https:\/\/www.pastahouse.ro\/?post_type=product&#038;p=9698"},"modified":"2025-08-15T12:25:21","modified_gmt":"2025-08-15T10:25:21","slug":"paste-al-pomodoro-kids","status":"publish","type":"product","link":"https:\/\/www.pastahouse.ro\/en\/product\/paste-al-pomodoro-kids\/","title":{"rendered":"Paste AL POMODORO Kids"},"content":{"rendered":"<p>Ingrediente: paste productie proprie maccheroni (<strong>f\u0103ina gr\u00e2u dur remacinat\u0103<\/strong>, <strong>ou<\/strong>), suc de ro\u0219ii, ceap\u0103 ro\u0219ie, ro\u0219ii cherry, ulei m\u0103sline extra virgin, busuioc, <strong>parmezan<\/strong>, sare, piper<\/p>","protected":false},"excerpt":{"rendered":"<p>230 g<\/p>","protected":false},"featured_media":8901,"comment_status":"open","ping_status":"closed","template":"","meta":{"_acf_changed":false,"inline_featured_image":false},"product_brand":[],"product_cat":[249,274],"product_tag":[182,206,186,195],"class_list":{"0":"post-9698","1":"product","2":"type-product","3":"status-publish","4":"has-post-thumbnail","6":"product_cat-pasta-kids","7":"product_cat-vegetarian","8":"product_tag-ceapa-rosie","9":"product_tag-maccheroni","10":"product_tag-passata","11":"product_tag-rosii-cherry","13":"first","14":"instock","15":"shipping-taxable","16":"purchasable","17":"product-type-simple"},"acf":[],"aioseo_notices":[],"_links":{"self":[{"href":"https:\/\/www.pastahouse.ro\/en\/wp-json\/wp\/v2\/product\/9698","targetHints":{"allow":["GET"]}}],"collection":[{"href":"https:\/\/www.pastahouse.ro\/en\/wp-json\/wp\/v2\/product"}],"about":[{"href":"https:\/\/www.pastahouse.ro\/en\/wp-json\/wp\/v2\/types\/product"}],"replies":[{"embeddable":true,"href":"https:\/\/www.pastahouse.ro\/en\/wp-json\/wp\/v2\/comments?post=9698"}],"version-history":[{"count":0,"href":"https:\/\/www.pastahouse.ro\/en\/wp-json\/wp\/v2\/product\/9698\/revisions"}],"wp:featuredmedia":[{"embeddable":true,"href":"https:\/\/www.pastahouse.ro\/en\/wp-json\/wp\/v2\/media\/8901"}],"wp:attachment":[{"href":"https:\/\/www.pastahouse.ro\/en\/wp-json\/wp\/v2\/media?parent=9698"}],"wp:term":[{"taxonomy":"product_brand","embeddable":true,"href":"https:\/\/www.pastahouse.ro\/en\/wp-json\/wp\/v2\/product_brand?post=9698"},{"taxonomy":"product_cat","embeddable":true,"href":"https:\/\/www.pastahouse.ro\/en\/wp-json\/wp\/v2\/product_cat?post=9698"},{"taxonomy":"product_tag","embeddable":true,"href":"https:\/\/www.pastahouse.ro\/en\/wp-json\/wp\/v2\/product_tag?post=9698"}],"curies":[{"name":"wp","href":"https:\/\/api.w.org\/{rel}","templated":true}]}}