{"id":9697,"date":"2023-01-21T22:05:54","date_gmt":"2023-01-21T20:05:54","guid":{"rendered":"https:\/\/www.pastahouse.ro\/?post_type=product&#038;p=9697"},"modified":"2025-08-15T12:25:59","modified_gmt":"2025-08-15T10:25:59","slug":"paste-alfredo-kids","status":"publish","type":"product","link":"https:\/\/www.pastahouse.ro\/en\/product\/paste-alfredo-kids\/","title":{"rendered":"Paste ALFREDO Kids"},"content":{"rendered":"<p>Ingrediente: paste productie proprie fusilli (<strong>f\u0103in\u0103 gr\u00e2u dur remacinat\u0103<\/strong>, <strong>ou<\/strong>), piept de pui, <strong>sm\u00e2nt\u00e2n\u0103<\/strong>, <strong>parmezan<\/strong>, ciuperci champignon,\u00a0 usturoi, ceap\u0103,\u00a0 ulei m\u0103sline extra virgin, sare, piper<\/p>","protected":false},"excerpt":{"rendered":"<p>250 g<\/p>","protected":false},"featured_media":8889,"comment_status":"open","ping_status":"closed","template":"","meta":{"_acf_changed":false,"inline_featured_image":false},"product_brand":[],"product_cat":[249],"product_tag":[213,214,215],"class_list":{"0":"post-9697","1":"product","2":"type-product","3":"status-publish","4":"has-post-thumbnail","6":"product_cat-pasta-kids","7":"product_tag-alfredo","8":"product_tag-fusilli","9":"product_tag-piept-de-pui","11":"first","12":"instock","13":"shipping-taxable","14":"purchasable","15":"product-type-simple"},"acf":[],"aioseo_notices":[],"_links":{"self":[{"href":"https:\/\/www.pastahouse.ro\/en\/wp-json\/wp\/v2\/product\/9697","targetHints":{"allow":["GET"]}}],"collection":[{"href":"https:\/\/www.pastahouse.ro\/en\/wp-json\/wp\/v2\/product"}],"about":[{"href":"https:\/\/www.pastahouse.ro\/en\/wp-json\/wp\/v2\/types\/product"}],"replies":[{"embeddable":true,"href":"https:\/\/www.pastahouse.ro\/en\/wp-json\/wp\/v2\/comments?post=9697"}],"version-history":[{"count":0,"href":"https:\/\/www.pastahouse.ro\/en\/wp-json\/wp\/v2\/product\/9697\/revisions"}],"wp:featuredmedia":[{"embeddable":true,"href":"https:\/\/www.pastahouse.ro\/en\/wp-json\/wp\/v2\/media\/8889"}],"wp:attachment":[{"href":"https:\/\/www.pastahouse.ro\/en\/wp-json\/wp\/v2\/media?parent=9697"}],"wp:term":[{"taxonomy":"product_brand","embeddable":true,"href":"https:\/\/www.pastahouse.ro\/en\/wp-json\/wp\/v2\/product_brand?post=9697"},{"taxonomy":"product_cat","embeddable":true,"href":"https:\/\/www.pastahouse.ro\/en\/wp-json\/wp\/v2\/product_cat?post=9697"},{"taxonomy":"product_tag","embeddable":true,"href":"https:\/\/www.pastahouse.ro\/en\/wp-json\/wp\/v2\/product_tag?post=9697"}],"curies":[{"name":"wp","href":"https:\/\/api.w.org\/{rel}","templated":true}]}}