{"id":9695,"date":"2023-01-21T21:57:25","date_gmt":"2023-01-21T19:57:25","guid":{"rendered":"https:\/\/www.pastahouse.ro\/?post_type=product&#038;p=9695"},"modified":"2025-08-15T12:26:48","modified_gmt":"2025-08-15T10:26:48","slug":"paste-bolognese-kids","status":"publish","type":"product","link":"https:\/\/www.pastahouse.ro\/en\/product\/paste-bolognese-kids\/","title":{"rendered":"Paste BOLOGNESE Kids"},"content":{"rendered":"<p>Ingrediente: paste produc\u021bie proprie spaghetti (<strong>f\u0103in\u0103 gr\u00e2u dur rem\u0103cinat\u0103<\/strong>, <strong>ou<\/strong>), passata, busuioc, <strong>parmezan,<\/strong> carne vit\u0103, carne de porc, suc de ro\u0219ii, morcov, ceap\u0103, <strong>telin\u0103<\/strong>, vin ro\u0219u, stoc de carne, ulei de m\u0103sline, sare, piper, rozmarin, salvie, usturoi, foi de da\ufb01n.<\/p>","protected":false},"excerpt":{"rendered":"<p>230 g<\/p>","protected":false},"featured_media":8884,"comment_status":"open","ping_status":"closed","template":"","meta":{"_acf_changed":false,"inline_featured_image":false},"product_brand":[],"product_cat":[249],"product_tag":[187,188,186,184,185],"class_list":{"0":"post-9695","1":"product","2":"type-product","3":"status-publish","4":"has-post-thumbnail","6":"product_cat-pasta-kids","7":"product_tag-busuioc","8":"product_tag-parmezan","9":"product_tag-passata","10":"product_tag-pastahouse","11":"product_tag-paste-bolognese","13":"first","14":"instock","15":"shipping-taxable","16":"purchasable","17":"product-type-simple"},"acf":[],"aioseo_notices":[],"_links":{"self":[{"href":"https:\/\/www.pastahouse.ro\/en\/wp-json\/wp\/v2\/product\/9695","targetHints":{"allow":["GET"]}}],"collection":[{"href":"https:\/\/www.pastahouse.ro\/en\/wp-json\/wp\/v2\/product"}],"about":[{"href":"https:\/\/www.pastahouse.ro\/en\/wp-json\/wp\/v2\/types\/product"}],"replies":[{"embeddable":true,"href":"https:\/\/www.pastahouse.ro\/en\/wp-json\/wp\/v2\/comments?post=9695"}],"version-history":[{"count":0,"href":"https:\/\/www.pastahouse.ro\/en\/wp-json\/wp\/v2\/product\/9695\/revisions"}],"wp:featuredmedia":[{"embeddable":true,"href":"https:\/\/www.pastahouse.ro\/en\/wp-json\/wp\/v2\/media\/8884"}],"wp:attachment":[{"href":"https:\/\/www.pastahouse.ro\/en\/wp-json\/wp\/v2\/media?parent=9695"}],"wp:term":[{"taxonomy":"product_brand","embeddable":true,"href":"https:\/\/www.pastahouse.ro\/en\/wp-json\/wp\/v2\/product_brand?post=9695"},{"taxonomy":"product_cat","embeddable":true,"href":"https:\/\/www.pastahouse.ro\/en\/wp-json\/wp\/v2\/product_cat?post=9695"},{"taxonomy":"product_tag","embeddable":true,"href":"https:\/\/www.pastahouse.ro\/en\/wp-json\/wp\/v2\/product_tag?post=9695"}],"curies":[{"name":"wp","href":"https:\/\/api.w.org\/{rel}","templated":true}]}}