{"id":8831,"date":"2022-11-13T09:36:27","date_gmt":"2022-11-13T07:36:27","guid":{"rendered":"https:\/\/www.pastahouse.ro\/?post_type=product&#038;p=8831"},"modified":"2025-11-01T11:11:54","modified_gmt":"2025-11-01T09:11:54","slug":"paste-aglio-olio-e-peperoncino","status":"publish","type":"product","link":"https:\/\/www.pastahouse.ro\/en\/product\/paste-aglio-olio-e-peperoncino\/","title":{"rendered":"Pasta AGLIO OLIO E PEPERONCINO"},"content":{"rendered":"<p class=\"Standard\" style=\"line-height: 115%;\"><span class=\"StrongEmphasis\">Aglio Olio e Peperoncino &#8211; spaghetti proaspete, produc\u021bie proprie (f\u0103in\u0103 de gr\u00e2u dur remacinat\u0103, ou), ardei iute proasp\u0103t, peperoncino, usturoi, ulei m\u0103sline, patrunjel, sare, pipe<\/span><\/p>\n<p class=\"Standard\" style=\"line-height: 115%;\"><strong><span class=\"StrongEmphasis\">Valoare nutri\u021bional\u0103:<\/span><\/strong><\/p>\n<p class=\"Standard\" style=\"line-height: 115%;\"><span class=\"StrongEmphasis\">Proteine [g] 33.97<\/span><\/p>\n<p class=\"Standard\" style=\"line-height: 115%;\"><span class=\"StrongEmphasis\">Lipide [g] 46.3<\/span><\/p>\n<p class=\"Standard\" style=\"line-height: 115%;\"><span class=\"StrongEmphasis\">Glucide [g] 115.83<\/span><\/p>\n<p class=\"Standard\" style=\"line-height: 115%;\"><span class=\"StrongEmphasis\">Valoare energetic\u0103 (kcal) 1001.07<\/span><\/p>\n<p class=\"Standard\" style=\"line-height: 115%;\"><span class=\"StrongEmphasis\"><strong>Alergeni:<\/strong> gluten, ou\u0103<\/span><\/p>","protected":false},"excerpt":{"rendered":"<p>400 g<\/p>","protected":false},"featured_media":8893,"comment_status":"open","ping_status":"closed","template":"","meta":{"_acf_changed":false,"inline_featured_image":false},"product_brand":[],"product_cat":[250,133,274],"product_tag":[216,218,217],"class_list":{"0":"post-8831","1":"product","2":"type-product","3":"status-publish","4":"has-post-thumbnail","6":"product_cat-paste-de-post","7":"product_cat-sosuri-paste","8":"product_cat-vegetarian","9":"product_tag-aglio-olio","10":"product_tag-peperoncino","11":"product_tag-tagliolini","13":"first","14":"instock","15":"shipping-taxable","16":"purchasable","17":"product-type-variable"},"acf":[],"aioseo_notices":[],"_links":{"self":[{"href":"https:\/\/www.pastahouse.ro\/en\/wp-json\/wp\/v2\/product\/8831","targetHints":{"allow":["GET"]}}],"collection":[{"href":"https:\/\/www.pastahouse.ro\/en\/wp-json\/wp\/v2\/product"}],"about":[{"href":"https:\/\/www.pastahouse.ro\/en\/wp-json\/wp\/v2\/types\/product"}],"replies":[{"embeddable":true,"href":"https:\/\/www.pastahouse.ro\/en\/wp-json\/wp\/v2\/comments?post=8831"}],"version-history":[{"count":2,"href":"https:\/\/www.pastahouse.ro\/en\/wp-json\/wp\/v2\/product\/8831\/revisions"}],"predecessor-version":[{"id":10966,"href":"https:\/\/www.pastahouse.ro\/en\/wp-json\/wp\/v2\/product\/8831\/revisions\/10966"}],"wp:featuredmedia":[{"embeddable":true,"href":"https:\/\/www.pastahouse.ro\/en\/wp-json\/wp\/v2\/media\/8893"}],"wp:attachment":[{"href":"https:\/\/www.pastahouse.ro\/en\/wp-json\/wp\/v2\/media?parent=8831"}],"wp:term":[{"taxonomy":"product_brand","embeddable":true,"href":"https:\/\/www.pastahouse.ro\/en\/wp-json\/wp\/v2\/product_brand?post=8831"},{"taxonomy":"product_cat","embeddable":true,"href":"https:\/\/www.pastahouse.ro\/en\/wp-json\/wp\/v2\/product_cat?post=8831"},{"taxonomy":"product_tag","embeddable":true,"href":"https:\/\/www.pastahouse.ro\/en\/wp-json\/wp\/v2\/product_tag?post=8831"}],"curies":[{"name":"wp","href":"https:\/\/api.w.org\/{rel}","templated":true}]}}