{"id":8830,"date":"2022-11-13T09:29:46","date_gmt":"2022-11-13T07:29:46","guid":{"rendered":"https:\/\/www.pastahouse.ro\/?post_type=product&#038;p=8830"},"modified":"2025-11-01T11:13:42","modified_gmt":"2025-11-01T09:13:42","slug":"paste-alfredo","status":"publish","type":"product","link":"https:\/\/www.pastahouse.ro\/en\/product\/paste-alfredo\/","title":{"rendered":"Pasta ALFREDO"},"content":{"rendered":"<p>Alfredo &#8211; fusilli proaspete, produc\u021bie proprie (f\u0103in\u0103 de gr\u00e2u dur remacinat\u0103, ou) , piept de pui, sm\u00e2nt\u00e2n\u0103 de g\u0103tit, parmezan, ciuperci champignon, usturoi, ceap\u0103, ulei m\u0103sline, sare, piper<\/p>\n<p><strong>Valoare nutri\u021bional\u0103:<\/strong><\/p>\n<p>Proteine [g] 59.34<\/p>\n<p>Lipide [g] 64.34<\/p>\n<p>Glucide [g] 76.52<\/p>\n<p>Valoare energetic\u0103 (kcal) 1127.12<\/p>\n<p><strong>Alergeni<\/strong>: gluten, ou\u0103, lapte<\/p>","protected":false},"excerpt":{"rendered":"<p>500 g<\/p>","protected":false},"featured_media":8889,"comment_status":"open","ping_status":"closed","template":"","meta":{"_acf_changed":false,"inline_featured_image":false},"product_brand":[],"product_cat":[133],"product_tag":[213,214,215],"class_list":{"0":"post-8830","1":"product","2":"type-product","3":"status-publish","4":"has-post-thumbnail","6":"product_cat-sosuri-paste","7":"product_tag-alfredo","8":"product_tag-fusilli","9":"product_tag-piept-de-pui","11":"first","12":"instock","13":"shipping-taxable","14":"purchasable","15":"product-type-simple"},"acf":[],"aioseo_notices":[],"_links":{"self":[{"href":"https:\/\/www.pastahouse.ro\/en\/wp-json\/wp\/v2\/product\/8830","targetHints":{"allow":["GET"]}}],"collection":[{"href":"https:\/\/www.pastahouse.ro\/en\/wp-json\/wp\/v2\/product"}],"about":[{"href":"https:\/\/www.pastahouse.ro\/en\/wp-json\/wp\/v2\/types\/product"}],"replies":[{"embeddable":true,"href":"https:\/\/www.pastahouse.ro\/en\/wp-json\/wp\/v2\/comments?post=8830"}],"version-history":[{"count":1,"href":"https:\/\/www.pastahouse.ro\/en\/wp-json\/wp\/v2\/product\/8830\/revisions"}],"predecessor-version":[{"id":10968,"href":"https:\/\/www.pastahouse.ro\/en\/wp-json\/wp\/v2\/product\/8830\/revisions\/10968"}],"wp:featuredmedia":[{"embeddable":true,"href":"https:\/\/www.pastahouse.ro\/en\/wp-json\/wp\/v2\/media\/8889"}],"wp:attachment":[{"href":"https:\/\/www.pastahouse.ro\/en\/wp-json\/wp\/v2\/media?parent=8830"}],"wp:term":[{"taxonomy":"product_brand","embeddable":true,"href":"https:\/\/www.pastahouse.ro\/en\/wp-json\/wp\/v2\/product_brand?post=8830"},{"taxonomy":"product_cat","embeddable":true,"href":"https:\/\/www.pastahouse.ro\/en\/wp-json\/wp\/v2\/product_cat?post=8830"},{"taxonomy":"product_tag","embeddable":true,"href":"https:\/\/www.pastahouse.ro\/en\/wp-json\/wp\/v2\/product_tag?post=8830"}],"curies":[{"name":"wp","href":"https:\/\/api.w.org\/{rel}","templated":true}]}}