{"id":8828,"date":"2022-11-13T09:17:17","date_gmt":"2022-11-13T07:17:17","guid":{"rendered":"https:\/\/www.pastahouse.ro\/?post_type=product&#038;p=8828"},"modified":"2026-04-14T23:09:59","modified_gmt":"2026-04-14T21:09:59","slug":"paste-gamberi-al-vino-bianco","status":"publish","type":"product","link":"https:\/\/www.pastahouse.ro\/en\/product\/paste-gamberi-al-vino-bianco\/","title":{"rendered":"Pasta GAMBERI AL VINO BIANCO"},"content":{"rendered":"<p>Ingrediente: paste produc\u021bie proprie spaghetti (<strong>f\u0103in\u0103 gr\u00e2u dur remacinat\u0103<\/strong>, <strong>ou),<\/strong> <strong>creve\u021bi<\/strong>, usturoi, vin alb, spanac, ulei m\u0103sline extra virgin, busuioc, pesto, <strong>muguri de pin,<\/strong> sare, piper<\/p>","protected":false},"excerpt":{"rendered":"<p>450 g<\/p>","protected":false},"featured_media":8900,"comment_status":"open","ping_status":"closed","template":"","meta":{"_acf_changed":false,"inline_featured_image":false},"product_brand":[],"product_cat":[133],"product_tag":[211,210,208,209],"class_list":{"0":"post-8828","1":"product","2":"type-product","3":"status-publish","4":"has-post-thumbnail","6":"product_cat-sosuri-paste","7":"product_tag-creveti","8":"product_tag-muguri-de-pin","9":"product_tag-spaghetti","10":"product_tag-vin-alb","12":"first","13":"instock","14":"shipping-taxable","15":"purchasable","16":"product-type-simple"},"acf":[],"aioseo_notices":[],"_links":{"self":[{"href":"https:\/\/www.pastahouse.ro\/en\/wp-json\/wp\/v2\/product\/8828","targetHints":{"allow":["GET"]}}],"collection":[{"href":"https:\/\/www.pastahouse.ro\/en\/wp-json\/wp\/v2\/product"}],"about":[{"href":"https:\/\/www.pastahouse.ro\/en\/wp-json\/wp\/v2\/types\/product"}],"replies":[{"embeddable":true,"href":"https:\/\/www.pastahouse.ro\/en\/wp-json\/wp\/v2\/comments?post=8828"}],"version-history":[{"count":1,"href":"https:\/\/www.pastahouse.ro\/en\/wp-json\/wp\/v2\/product\/8828\/revisions"}],"predecessor-version":[{"id":10977,"href":"https:\/\/www.pastahouse.ro\/en\/wp-json\/wp\/v2\/product\/8828\/revisions\/10977"}],"wp:featuredmedia":[{"embeddable":true,"href":"https:\/\/www.pastahouse.ro\/en\/wp-json\/wp\/v2\/media\/8900"}],"wp:attachment":[{"href":"https:\/\/www.pastahouse.ro\/en\/wp-json\/wp\/v2\/media?parent=8828"}],"wp:term":[{"taxonomy":"product_brand","embeddable":true,"href":"https:\/\/www.pastahouse.ro\/en\/wp-json\/wp\/v2\/product_brand?post=8828"},{"taxonomy":"product_cat","embeddable":true,"href":"https:\/\/www.pastahouse.ro\/en\/wp-json\/wp\/v2\/product_cat?post=8828"},{"taxonomy":"product_tag","embeddable":true,"href":"https:\/\/www.pastahouse.ro\/en\/wp-json\/wp\/v2\/product_tag?post=8828"}],"curies":[{"name":"wp","href":"https:\/\/api.w.org\/{rel}","templated":true}]}}