{"id":8827,"date":"2022-11-12T21:31:04","date_gmt":"2022-11-12T19:31:04","guid":{"rendered":"https:\/\/www.pastahouse.ro\/?post_type=product&#038;p=8827"},"modified":"2025-11-01T11:13:29","modified_gmt":"2025-11-01T09:13:29","slug":"paste-al-pomodoro","status":"publish","type":"product","link":"https:\/\/www.pastahouse.ro\/en\/product\/paste-al-pomodoro\/","title":{"rendered":"Pasta AL POMODORO"},"content":{"rendered":"<p>Al Pomodoro &#8211; maccheroni proaspete, produc\u021bie proprie (f\u0103in\u0103 de gr\u00e2u dur remacinat\u0103, ou), suc de rosii, ceap\u0103 ro\u0219ie, ro\u0219ii cherry, ulei m\u0103sline, busuioc, parmezan, sare, piper<\/p>\n<p><strong>Valoare nutri\u021bional\u0103:<\/strong><\/p>\n<p>Proteine [g] 40.66<\/p>\n<p>Lipide [g] 33.66<\/p>\n<p>Glucide [g] 117.92<\/p>\n<p>Valoare energetic\u0103 (kcal) 944.02<\/p>\n<p><strong>Alergeni<\/strong>: gluten, ou\u0103, lapte<\/p>","protected":false},"excerpt":{"rendered":"<p>400 g<\/p>","protected":false},"featured_media":8901,"comment_status":"open","ping_status":"closed","template":"","meta":{"_acf_changed":false,"inline_featured_image":false},"product_brand":[],"product_cat":[250,133,274],"product_tag":[182,206,186,195],"class_list":{"0":"post-8827","1":"product","2":"type-product","3":"status-publish","4":"has-post-thumbnail","6":"product_cat-paste-de-post","7":"product_cat-sosuri-paste","8":"product_cat-vegetarian","9":"product_tag-ceapa-rosie","10":"product_tag-maccheroni","11":"product_tag-passata","12":"product_tag-rosii-cherry","14":"first","15":"instock","16":"shipping-taxable","17":"purchasable","18":"product-type-variable"},"acf":[],"aioseo_notices":[],"_links":{"self":[{"href":"https:\/\/www.pastahouse.ro\/en\/wp-json\/wp\/v2\/product\/8827","targetHints":{"allow":["GET"]}}],"collection":[{"href":"https:\/\/www.pastahouse.ro\/en\/wp-json\/wp\/v2\/product"}],"about":[{"href":"https:\/\/www.pastahouse.ro\/en\/wp-json\/wp\/v2\/types\/product"}],"replies":[{"embeddable":true,"href":"https:\/\/www.pastahouse.ro\/en\/wp-json\/wp\/v2\/comments?post=8827"}],"version-history":[{"count":1,"href":"https:\/\/www.pastahouse.ro\/en\/wp-json\/wp\/v2\/product\/8827\/revisions"}],"predecessor-version":[{"id":10967,"href":"https:\/\/www.pastahouse.ro\/en\/wp-json\/wp\/v2\/product\/8827\/revisions\/10967"}],"wp:featuredmedia":[{"embeddable":true,"href":"https:\/\/www.pastahouse.ro\/en\/wp-json\/wp\/v2\/media\/8901"}],"wp:attachment":[{"href":"https:\/\/www.pastahouse.ro\/en\/wp-json\/wp\/v2\/media?parent=8827"}],"wp:term":[{"taxonomy":"product_brand","embeddable":true,"href":"https:\/\/www.pastahouse.ro\/en\/wp-json\/wp\/v2\/product_brand?post=8827"},{"taxonomy":"product_cat","embeddable":true,"href":"https:\/\/www.pastahouse.ro\/en\/wp-json\/wp\/v2\/product_cat?post=8827"},{"taxonomy":"product_tag","embeddable":true,"href":"https:\/\/www.pastahouse.ro\/en\/wp-json\/wp\/v2\/product_tag?post=8827"}],"curies":[{"name":"wp","href":"https:\/\/api.w.org\/{rel}","templated":true}]}}