{"id":10000,"date":"2023-06-27T14:09:40","date_gmt":"2023-06-27T12:09:40","guid":{"rendered":"https:\/\/www.pastahouse.ro\/?post_type=product&#038;p=10000"},"modified":"2025-08-15T12:21:26","modified_gmt":"2025-08-15T10:21:26","slug":"salata-de-paste-cu-pui-400g","status":"publish","type":"product","link":"https:\/\/www.pastahouse.ro\/en\/product\/salata-de-paste-cu-pui-400g\/","title":{"rendered":"SALATA DE PASTE CU PUI 400g"},"content":{"rendered":"<p><strong>Penne<\/strong> proaspete fierte, produc\u021bie proprie (f\u0103in\u0103 de gr\u00e2u dur remacinat\u0103, ou) <strong>Pie, pt de pui<\/strong>, <strong>Mini Mozzarella<\/strong>, <strong>Rosii cherry<\/strong>, <strong>Ceapa<\/strong>, <strong>Parmezan<\/strong>, <strong>Sare<\/strong>, <strong>Piper<\/strong>, <strong>Dressing<\/strong>&#8211; iaurt grecesc, mustar, ceapa verde, lime, usturoi, ulei de masline, suc rosii, sare, piper<\/p>","protected":false},"excerpt":{"rendered":"<p>400g<\/p>","protected":false},"featured_media":10004,"comment_status":"open","ping_status":"closed","template":"","meta":{"_acf_changed":false,"inline_featured_image":false},"product_brand":[],"product_cat":[263],"product_tag":[265],"class_list":{"0":"post-10000","1":"product","2":"type-product","3":"status-publish","4":"has-post-thumbnail","6":"product_cat-salate","7":"product_tag-salata-de-paste","9":"first","10":"instock","11":"shipping-taxable","12":"purchasable","13":"product-type-simple"},"acf":[],"aioseo_notices":[],"_links":{"self":[{"href":"https:\/\/www.pastahouse.ro\/en\/wp-json\/wp\/v2\/product\/10000","targetHints":{"allow":["GET"]}}],"collection":[{"href":"https:\/\/www.pastahouse.ro\/en\/wp-json\/wp\/v2\/product"}],"about":[{"href":"https:\/\/www.pastahouse.ro\/en\/wp-json\/wp\/v2\/types\/product"}],"replies":[{"embeddable":true,"href":"https:\/\/www.pastahouse.ro\/en\/wp-json\/wp\/v2\/comments?post=10000"}],"version-history":[{"count":0,"href":"https:\/\/www.pastahouse.ro\/en\/wp-json\/wp\/v2\/product\/10000\/revisions"}],"wp:featuredmedia":[{"embeddable":true,"href":"https:\/\/www.pastahouse.ro\/en\/wp-json\/wp\/v2\/media\/10004"}],"wp:attachment":[{"href":"https:\/\/www.pastahouse.ro\/en\/wp-json\/wp\/v2\/media?parent=10000"}],"wp:term":[{"taxonomy":"product_brand","embeddable":true,"href":"https:\/\/www.pastahouse.ro\/en\/wp-json\/wp\/v2\/product_brand?post=10000"},{"taxonomy":"product_cat","embeddable":true,"href":"https:\/\/www.pastahouse.ro\/en\/wp-json\/wp\/v2\/product_cat?post=10000"},{"taxonomy":"product_tag","embeddable":true,"href":"https:\/\/www.pastahouse.ro\/en\/wp-json\/wp\/v2\/product_tag?post=10000"}],"curies":[{"name":"wp","href":"https:\/\/api.w.org\/{rel}","templated":true}]}}