{"id":8942,"date":"2022-11-14T22:16:00","date_gmt":"2022-11-14T19:16:00","guid":{"rendered":"https:\/\/www.pastahouse.ro\/?page_id=8942"},"modified":"2022-11-14T22:19:17","modified_gmt":"2022-11-14T19:19:17","slug":"politica-de-utilizare-cookie-uri","status":"publish","type":"page","link":"https:\/\/www.pastahouse.ro\/en\/politica-de-utilizare-cookie-uri\/","title":{"rendered":"Cookies policy"},"content":{"rendered":"<p>[vc_row][vc_column][vc_column_text]Aceast\u0103 politic\u0103 se refer\u0103 la cookie-urile \u015fi paginile web operate de <strong>PASTA HOUSE SRL, registered office Str. Vasile Lupu 33 E, Iasi<\/strong>, denumit\u0103 \u00een continuare www.pastahouse.ro.<\/p>\n<p>1. WHAT IS A COOKIE?<\/p>\n<p>The cookie is a small file, consisting of letters and numbers, which will be stored on the computer, mobile terminal or other equipment of a user from which the Internet is accessed. The cookie is installed through the request issued by a web server to a browser (eg: Internet Explorer, Chrome) and is completely \"passive\" (it does not contain software programs, viruses or spyware and cannot access the information on the hard disk the user).<\/p>\n<p>2. WHAT ARE COOKIES USED FOR?<\/p>\n<p><strong>PASTA HOUSE SRL, registered office Str. Vasile Lupu 33 E, Iasi<\/strong><\/p>\n<p>These files make it possible to recognize the user's terminal and present the content in a relevant way, adapted to the user's preferences. Cookies provide users with a pleasant browsing experience and support our efforts to provide comfortable services to users: eg: \u2013 online privacy preferences, the shopping cart or relevant advertising. They are also used in the preparation of aggregate anonymous statistics that help us understand how a user benefits from our web pages, allowing us to improve their structure and content, excluding the personal identification of the user.<\/p>\n<p>3. WHAT COOKIES DO WE USE?<\/p>\n<p>We use two types of cookies: per session and fixed. Those per session are temporary files that remain in the user's terminal until the end of the session or the closing of the application (web browser). The fixed ones remain on the user's terminal for a period defined by the cookie parameters or until they are manually deleted by the user.<\/p>\n<p>4. HOW ARE COOKIES USED BY THIS SITE?<\/p>\n<p>A visit to this website may place cookies for the purposes of:<\/p>\n<p class=\"translation-block\">Website performance cookies<br>\nVisitor analysis cookies<br>\nRegistration cookies<br>\nCookies for advertising<br>\nAdvertising provider cookies<br>\n5. DO COOKIES CONTAIN PERSONAL DATA?<\/p>\n<p>Cookies themselves do not require personal information to be used and, in most cases, do not personally identify Internet users. Personal data collected through the use of cookies can only be collected to facilitate certain functionalities for the user. Such data is encrypted in a way that makes it impossible for unauthorized persons to access it.<\/p>\n<p>6. DELETING COOKIES<\/p>\n<p>In general, an application used to access web pages allows cookies to be saved on the terminal by default. These settings can be changed so that the automatic administration of cookies is blocked by the web browser or the user is informed each time cookies are sent to his terminal. Detailed information about the possibilities and ways to manage cookies can be found in the settings area of the application (web browser). Limiting the use of cookies may affect certain functionalities of the web page.<\/p>\n<p>7. WHY ARE COOKIES IMPORTANT FOR THE INTERNET?<\/p>\n<p>Cookies represent the central point of the efficient functioning of the Internet, helping to generate a friendly browsing experience adapted to the preferences and interests of each user. Refusing or disabling cookies may make some sites unusable.<\/p>\n<p>Rejecting or deactivating cookies does not mean that you will no longer receive online advertising - but only that it will no longer be able to take into account your preferences and interests, highlighted by your browsing behavior.<\/p>\n<p>Examples of important uses of cookies (which do not require the authentication of a user through an account):<\/p>\n<p class=\"translation-block\">Content and services adapted to user preferences - categories of products and services.<br>\nOffers adapted to the interests of users - retention of passwords.<br>\nRetention of child protection filters regarding Internet content (family mode options, safe search functions).<br>\nAdvertising frequency limitation \u2013 limiting the number of times an advertisement is displayed for a specific user on a site.<br>\nProviding more relevant advertising to the user.<br>\nMeasurement, optimization and analytics features - such as confirming a certain level of traffic on a website, what type of content is viewed and how a user arrives at a website (eg: through search engines, directly, from other websites- uri etc.). The websites carry out these analyzes of their use in order to improve the sites for the benefit of the users.<\/p>\n<p><strong>For more details: contact: office@pastahouse.ro<\/strong>[\/vc_column_text][\/vc_column][\/vc_row]<\/p>","protected":false},"excerpt":{"rendered":"<p>[vc_row][vc_column][vc_column_text]Aceast\u0103 politic\u0103 se refer\u0103 la cookie-urile \u015fi paginile web operate de PASTA HOUSE SRL , sediul social Str. Vasile Lupu 33 E, Iasi, denumit\u0103 \u00een continuare www.pastahouse.ro. 1. CE ESTE UN COOKIE? Cookie-ul este un fi\u015fier de mici dimensiuni, format din litere \u015fi numere, care va fi stocat pe computerul, terminalul mobil sau alte echipamente &#8230;<\/p>","protected":false},"author":1,"featured_media":0,"parent":0,"menu_order":0,"comment_status":"closed","ping_status":"closed","template":"","meta":{"_acf_changed":false,"inline_featured_image":false,"patiotime_single_page_hide_site_header":"","patiotime_single_page_site_header_source":"","patiotime_single_page_custom_site_header":"0","patiotime_single_page_custom_sticky_site_header":"0","patiotime_single_page_custom_page_title_margin_top_source":"","patiotime_single_page_custom_page_title_desktop_margin_top":"","patiotime_single_page_custom_page_title_tablet_margin_top":"","patiotime_single_page_custom_page_title_mobile_margin_top":"","patiotime_single_page_hide_page_title":"","patiotime_single_page_header_section_size":"","patiotime_single_page_header_background_color":"","patiotime_single_page_header_background_position_x":"center","patiotime_single_page_header_background_position_y":"center","patiotime_single_page_header_background_size":"cover","patiotime_single_page_header_background_repeat":"off","patiotime_single_page_header_background_scroll":"on","patiotime_single_page_header_text_color":"","patiotime_single_page_header_show_breadcrumb":"","patiotime_single_page_site_footer_hide_main":"","patiotime_single_custom_site_footer_main_source":"","patiotime_single_custom_site_footer_main":"0","patiotime_single_page_site_footer_hide_above":"","patiotime_single_custom_site_footer_above_source":"","patiotime_single_custom_site_footer_above":"0","patiotime_single_page_site_footer_hide_instagram":"","patiotime_single_page_site_footer_hide_bottom":"","patiotime_single_custom_mobile_menu_source":"","patiotime_single_custom_mobile_menu":"0","patiotime_single_custom_mobile_menu_animation":"","patiotime_single_custom_mobile_menu_width":"","patiotime_single_custom_mobile_menu_custom_width":375,"footnotes":""},"class_list":["post-8942","page","type-page","status-publish","hentry"],"acf":[],"aioseo_notices":[],"_links":{"self":[{"href":"https:\/\/www.pastahouse.ro\/en\/wp-json\/wp\/v2\/pages\/8942","targetHints":{"allow":["GET"]}}],"collection":[{"href":"https:\/\/www.pastahouse.ro\/en\/wp-json\/wp\/v2\/pages"}],"about":[{"href":"https:\/\/www.pastahouse.ro\/en\/wp-json\/wp\/v2\/types\/page"}],"author":[{"embeddable":true,"href":"https:\/\/www.pastahouse.ro\/en\/wp-json\/wp\/v2\/users\/1"}],"replies":[{"embeddable":true,"href":"https:\/\/www.pastahouse.ro\/en\/wp-json\/wp\/v2\/comments?post=8942"}],"version-history":[{"count":2,"href":"https:\/\/www.pastahouse.ro\/en\/wp-json\/wp\/v2\/pages\/8942\/revisions"}],"predecessor-version":[{"id":8944,"href":"https:\/\/www.pastahouse.ro\/en\/wp-json\/wp\/v2\/pages\/8942\/revisions\/8944"}],"wp:attachment":[{"href":"https:\/\/www.pastahouse.ro\/en\/wp-json\/wp\/v2\/media?parent=8942"}],"curies":[{"name":"wp","href":"https:\/\/api.w.org\/{rel}","templated":true}]}}