{"id":845,"date":"2017-07-28T11:35:25","date_gmt":"2017-07-28T11:35:25","guid":{"rendered":"http:\/\/appetito.mikado-themes.com\/?page_id=845"},"modified":"2025-12-17T14:05:00","modified_gmt":"2025-12-17T12:05:00","slug":"despre-noi","status":"publish","type":"page","link":"https:\/\/www.pastahouse.ro\/en\/despre-noi\/","title":{"rendered":"About us"},"content":{"rendered":"<div data-elementor-type=\"wp-page\" data-elementor-id=\"845\" class=\"elementor elementor-845\">\n\t\t\t\t<div class=\"elementor-element elementor-element-4a476fa e-flex e-con-boxed e-con e-parent\" data-id=\"4a476fa\" data-element_type=\"container\">\n\t\t\t\t\t<div class=\"e-con-inner\">\n\t\t\t\t<div class=\"elementor-element elementor-element-1f27117 elementor-widget elementor-widget-text-editor\" data-id=\"1f27117\" data-element_type=\"widget\" data-widget_type=\"text-editor.default\">\n\t\t\t\t\t\t\t\t\t<p data-start=\"151\" data-end=\"344\">\u00cen fiecare zi preg\u0103tim paste proaspete din f\u0103in\u0103 de gr\u00e2u dur remacinat\u0103, g\u0103tite cu pasiune pentru to\u021bi cei care doresc s\u0103 savureze o por\u021bie de paste autentice, direct din inima ora\u0219ului Ia\u0219i.<\/p><p data-start=\"346\" data-end=\"491\"><strong data-start=\"346\" data-end=\"361\">PASTA HOUSE<\/strong> is a concept of <em data-start=\"381\" data-end=\"394\">pasta to go<\/em> \u2014 un loc unde calitatea, priceperea, unicitatea \u0219i diversitatea se reg\u0103sesc \u00een fiecare re\u021bet\u0103.<\/p><p data-start=\"493\" data-end=\"708\">Ne inspir\u0103m din stilul de via\u021b\u0103 italian, pun\u00e2nd inim\u0103 \u0219i suflet \u00een fiecare detaliu. Dorim ca atunci c\u00e2nd gu\u0219ti din pastele noastre, s\u0103 te relaxezi, s\u0103 fii tu \u00eensu\u021bi \u0219i s\u0103 sim\u021bi gustul prieteniei care ne define\u0219te.<\/p><p data-start=\"710\" data-end=\"944\"><strong data-start=\"710\" data-end=\"725\">PASTA HOUSE<\/strong> este o poveste despre pasiune, despre dorin\u021ba de a aduce \u00eempreun\u0103 oamenii prin bucuria unei mese simple \u0219i gustoase. Este rezultatul unei viziuni bazate pe sinceritate, pl\u0103cere \u0219i respect pentru m\u00e2ncarea de calitate.<\/p><p data-start=\"946\" data-end=\"1100\">\u0218tim c\u0103 pastele pot crea un limbaj universal al iubirii, iar <strong data-start=\"1007\" data-end=\"1022\">PASTA HOUSE<\/strong> \u00ee\u0219i propune s\u0103 construiasc\u0103 o comunitate de iubitori ai pastelor proaspete.<\/p><p data-start=\"1102\" data-end=\"1313\">Pentru c\u0103 lumea \u00eentreag\u0103 este plin\u0103 de tot felul de <em data-start=\"1154\" data-end=\"1169\">pastabilities<\/em>, te invit\u0103m s\u0103 faci parte din povestea noastr\u0103 magic\u0103 \u0219i s\u0103 construim \u00eempreun\u0103, \u00een jurul unei por\u021bii de paste, rela\u021bii \u0219i momente de neuitat.<\/p><p data-start=\"1315\" data-end=\"1353\">With friendship,<br data-start=\"1328\" data-end=\"1331\" \/><strong data-start=\"1331\" data-end=\"1353\">Echipa PASTA HOUSE<\/strong><\/p>\t\t\t\t\t\t\t\t<\/div>\n\t\t\t\t\t<\/div>\n\t\t\t\t<\/div>\n\t\t<div class=\"elementor-element elementor-element-cc20d62 e-flex e-con-boxed e-con e-parent\" data-id=\"cc20d62\" data-element_type=\"container\">\n\t\t\t\t\t<div class=\"e-con-inner\">\n\t\t\t\t<div class=\"elementor-element elementor-element-ff3fa7c elementor-widget elementor-widget-image\" data-id=\"ff3fa7c\" data-element_type=\"widget\" data-widget_type=\"image.default\">\n\t\t\t\t\t\t\t\t\t\t\t\t\t\t\t<img fetchpriority=\"high\" decoding=\"async\" width=\"724\" height=\"1024\" src=\"https:\/\/www.pastahouse.ro\/wp-content\/uploads\/2025\/12\/311241_Afis_FOGO-BY-PASTA-HOUSE-S.R.L._page-0001-724x1024.jpg\" class=\"attachment-large size-large wp-image-11236\" alt=\"\" srcset=\"https:\/\/www.pastahouse.ro\/wp-content\/uploads\/2025\/12\/311241_Afis_FOGO-BY-PASTA-HOUSE-S.R.L._page-0001-724x1024.jpg 724w, https:\/\/www.pastahouse.ro\/wp-content\/uploads\/2025\/12\/311241_Afis_FOGO-BY-PASTA-HOUSE-S.R.L._page-0001-212x300.jpg 212w, https:\/\/www.pastahouse.ro\/wp-content\/uploads\/2025\/12\/311241_Afis_FOGO-BY-PASTA-HOUSE-S.R.L._page-0001-768x1086.jpg 768w, https:\/\/www.pastahouse.ro\/wp-content\/uploads\/2025\/12\/311241_Afis_FOGO-BY-PASTA-HOUSE-S.R.L._page-0001-1086x1536.jpg 1086w, https:\/\/www.pastahouse.ro\/wp-content\/uploads\/2025\/12\/311241_Afis_FOGO-BY-PASTA-HOUSE-S.R.L._page-0001-1448x2048.jpg 1448w, https:\/\/www.pastahouse.ro\/wp-content\/uploads\/2025\/12\/311241_Afis_FOGO-BY-PASTA-HOUSE-S.R.L._page-0001-8x12.jpg 8w, https:\/\/www.pastahouse.ro\/wp-content\/uploads\/2025\/12\/311241_Afis_FOGO-BY-PASTA-HOUSE-S.R.L._page-0001-1440x2037.jpg 1440w, https:\/\/www.pastahouse.ro\/wp-content\/uploads\/2025\/12\/311241_Afis_FOGO-BY-PASTA-HOUSE-S.R.L._page-0001-1200x1697.jpg 1200w, https:\/\/www.pastahouse.ro\/wp-content\/uploads\/2025\/12\/311241_Afis_FOGO-BY-PASTA-HOUSE-S.R.L._page-0001-780x1103.jpg 780w, https:\/\/www.pastahouse.ro\/wp-content\/uploads\/2025\/12\/311241_Afis_FOGO-BY-PASTA-HOUSE-S.R.L._page-0001-600x849.jpg 600w, https:\/\/www.pastahouse.ro\/wp-content\/uploads\/2025\/12\/311241_Afis_FOGO-BY-PASTA-HOUSE-S.R.L._page-0001-550x778.jpg 550w, https:\/\/www.pastahouse.ro\/wp-content\/uploads\/2025\/12\/311241_Afis_FOGO-BY-PASTA-HOUSE-S.R.L._page-0001-370x523.jpg 370w, https:\/\/www.pastahouse.ro\/wp-content\/uploads\/2025\/12\/311241_Afis_FOGO-BY-PASTA-HOUSE-S.R.L._page-0001-255x361.jpg 255w, https:\/\/www.pastahouse.ro\/wp-content\/uploads\/2025\/12\/311241_Afis_FOGO-BY-PASTA-HOUSE-S.R.L._page-0001-106x150.jpg 106w, https:\/\/www.pastahouse.ro\/wp-content\/uploads\/2025\/12\/311241_Afis_FOGO-BY-PASTA-HOUSE-S.R.L._page-0001.jpg 1755w\" sizes=\"(max-width: 724px) 100vw, 724px\" \/>\t\t\t\t\t\t\t\t\t\t\t\t\t\t\t<\/div>\n\t\t\t\t\t<\/div>\n\t\t\t\t<\/div>\n\t\t\t\t<\/div>","protected":false},"excerpt":{"rendered":"<p>\u00cen fiecare zi preg\u0103tim paste proaspete din f\u0103in\u0103 de gr\u00e2u dur remacinat\u0103, g\u0103tite cu pasiune pentru to\u021bi cei care doresc s\u0103 savureze o por\u021bie de paste autentice, direct din inima ora\u0219ului Ia\u0219i. PASTA HOUSE este un concept de pasta to go \u2014 un loc unde calitatea, priceperea, unicitatea \u0219i diversitatea se reg\u0103sesc \u00een fiecare re\u021bet\u0103. &#8230;<\/p>","protected":false},"author":1,"featured_media":0,"parent":0,"menu_order":0,"comment_status":"closed","ping_status":"closed","template":"template-fullwidth.php","meta":{"_acf_changed":false,"inline_featured_image":false,"patiotime_single_page_hide_site_header":"","patiotime_single_page_site_header_source":"","patiotime_single_page_custom_site_header":"","patiotime_single_page_custom_sticky_site_header":"","patiotime_single_page_custom_page_title_margin_top_source":"","patiotime_single_page_custom_page_title_desktop_margin_top":"","patiotime_single_page_custom_page_title_tablet_margin_top":"","patiotime_single_page_custom_page_title_mobile_margin_top":"","patiotime_single_page_hide_page_title":"","patiotime_single_page_header_section_size":"","patiotime_single_page_header_background_color":"","patiotime_single_page_header_background_position_x":"center","patiotime_single_page_header_background_position_y":"center","patiotime_single_page_header_background_size":"cover","patiotime_single_page_header_background_repeat":"off","patiotime_single_page_header_background_scroll":"on","patiotime_single_page_header_text_color":"","patiotime_single_page_header_show_breadcrumb":"","patiotime_single_page_site_footer_hide_main":"","patiotime_single_custom_site_footer_main_source":"","patiotime_single_custom_site_footer_main":"","patiotime_single_page_site_footer_hide_above":"","patiotime_single_custom_site_footer_above_source":"","patiotime_single_custom_site_footer_above":"","patiotime_single_page_site_footer_hide_instagram":"","patiotime_single_page_site_footer_hide_bottom":"","patiotime_single_custom_mobile_menu_source":"","patiotime_single_custom_mobile_menu":"","patiotime_single_custom_mobile_menu_animation":"","patiotime_single_custom_mobile_menu_width":"","patiotime_single_custom_mobile_menu_custom_width":375,"footnotes":""},"class_list":["post-845","page","type-page","status-publish","hentry"],"acf":[],"aioseo_notices":[],"_links":{"self":[{"href":"https:\/\/www.pastahouse.ro\/en\/wp-json\/wp\/v2\/pages\/845","targetHints":{"allow":["GET"]}}],"collection":[{"href":"https:\/\/www.pastahouse.ro\/en\/wp-json\/wp\/v2\/pages"}],"about":[{"href":"https:\/\/www.pastahouse.ro\/en\/wp-json\/wp\/v2\/types\/page"}],"author":[{"embeddable":true,"href":"https:\/\/www.pastahouse.ro\/en\/wp-json\/wp\/v2\/users\/1"}],"replies":[{"embeddable":true,"href":"https:\/\/www.pastahouse.ro\/en\/wp-json\/wp\/v2\/comments?post=845"}],"version-history":[{"count":21,"href":"https:\/\/www.pastahouse.ro\/en\/wp-json\/wp\/v2\/pages\/845\/revisions"}],"predecessor-version":[{"id":11240,"href":"https:\/\/www.pastahouse.ro\/en\/wp-json\/wp\/v2\/pages\/845\/revisions\/11240"}],"wp:attachment":[{"href":"https:\/\/www.pastahouse.ro\/en\/wp-json\/wp\/v2\/media?parent=845"}],"curies":[{"name":"wp","href":"https:\/\/api.w.org\/{rel}","templated":true}]}}