{"id":4888,"date":"2022-04-05T13:54:15","date_gmt":"2022-04-05T13:54:15","guid":{"rendered":"https:\/\/patiotime.loftocean.com\/demo2\/?page_id=4888"},"modified":"2026-04-21T18:05:27","modified_gmt":"2026-04-21T16:05:27","slug":"home-2","status":"publish","type":"page","link":"https:\/\/www.pastahouse.ro\/en\/","title":{"rendered":"Home bun"},"content":{"rendered":"<div data-elementor-type=\"wp-page\" data-elementor-id=\"4888\" class=\"elementor elementor-4888\">\n\t\t\t\t\t\t<section class=\"elementor-section elementor-top-section elementor-element elementor-element-6e0d045f elementor-section-height-min-height pt-section-content-fullwidth pt-parallax-on-scroll pt_scroll_y_180 elementor-section-boxed elementor-section-height-default elementor-section-items-middle\" data-id=\"6e0d045f\" data-element_type=\"section\" data-settings=\"{&quot;background_background&quot;:&quot;classic&quot;}\" data-pt-parallax-y=\"180\" style=\"background-image: none;\" data-pt-background-image=\"https:\/\/www.pastahouse.ro\/wp-content\/uploads\/2025\/10\/pasta-house-header.jpg\">\n\t\t\t\t\t\t\t<div class=\"elementor-background-overlay\"><\/div>\n\t\t\t\t\t\t\t<div class=\"elementor-container elementor-column-gap-default\">\n\t\t\t\t\t<div class=\"elementor-column elementor-col-100 elementor-top-column elementor-element elementor-element-5b14189d dark-color\" data-id=\"5b14189d\" data-element_type=\"column\">\n\t\t\t<div class=\"elementor-widget-wrap elementor-element-populated\">\n\t\t\t\t\t\t<div class=\"elementor-element elementor-element-5b032b47 elementor-widget elementor-widget-pt_title\" data-id=\"5b032b47\" data-element_type=\"widget\" data-widget_type=\"pt_title.default\">\n\t\t\t\t<div class=\"elementor-widget-container\">\n\t\t\t\t\t\n        <div class=\"pt-title-wrap text-center\">\t            <h2 class=\"pt-title color-white\">\n\t                Paste mereu <strong>proaspete<strong>\t            <\/h2>        <\/div>\t\t\t\t<\/div>\n\t\t\t\t<\/div>\n\t\t\t\t\t<\/div>\n\t\t<\/div>\n\t\t\t\t\t<\/div>\n\t\t<\/section>\n\t\t\t\t<section class=\"elementor-section elementor-top-section elementor-element elementor-element-63fe1d5a elementor-reverse-tablet elementor-reverse-mobile elementor-section-boxed elementor-section-height-default elementor-section-height-default\" data-id=\"63fe1d5a\" data-element_type=\"section\" data-settings=\"{&quot;background_background&quot;:&quot;classic&quot;}\">\n\t\t\t\t\t\t<div class=\"elementor-container elementor-column-gap-no\">\n\t\t\t\t\t<div class=\"elementor-column elementor-col-50 elementor-top-column elementor-element elementor-element-334da0b1 dark-color\" data-id=\"334da0b1\" data-element_type=\"column\">\n\t\t\t<div class=\"elementor-widget-wrap elementor-element-populated\">\n\t\t\t\t\t\t<div class=\"elementor-element elementor-element-35ec7de1 elementor-widget elementor-widget-pt_title\" data-id=\"35ec7de1\" data-element_type=\"widget\" data-widget_type=\"pt_title.default\">\n\t\t\t\t<div class=\"elementor-widget-container\">\n\t\t\t\t\t\n        <div class=\"pt-title-wrap\">\t            <div class=\"pt-subtitle-wrap\"><span class=\"pt-subtitle color-secondary style-bordered\">Sosuri & Paste<\/span><\/div>\t            <h5 class=\"pt-title color-white\">\n\t                Combina\u021bia perfect\u0103 de gust\t            <\/h5>\t            <div class=\"pt-title-text\">\n\t                <p>Descoper\u0103 echilibrul ideal dintre paste proaspete \u0219i sosuri preg\u0103tite zilnic din ingrediente autentice.<\/p>\t            <\/div>                <div class=\"pt-title-btn\">\n                    <a class=\"button elementor-button-link\" role=\"button\" href=\"https:\/\/www.pastahouse.ro\/en\/c\/sosuri-paste\/\">\n                        <span class=\"pt-btn-text\">Descopera<\/span>\n                    <\/a>\n                <\/div>\n                    <\/div>\t\t\t\t<\/div>\n\t\t\t\t<\/div>\n\t\t\t\t\t<\/div>\n\t\t<\/div>\n\t\t\t\t<div class=\"elementor-column elementor-col-50 elementor-top-column elementor-element elementor-element-ea97f5d\" data-id=\"ea97f5d\" data-element_type=\"column\">\n\t\t\t<div class=\"elementor-widget-wrap elementor-element-populated\">\n\t\t\t\t\t\t<section class=\"elementor-section elementor-inner-section elementor-element elementor-element-11c6d6e2 elementor-section-boxed elementor-section-height-default elementor-section-height-default\" data-id=\"11c6d6e2\" data-element_type=\"section\">\n\t\t\t\t\t\t<div class=\"elementor-container elementor-column-gap-no\">\n\t\t\t\t\t<div class=\"elementor-column elementor-col-50 elementor-inner-column elementor-element elementor-element-5bacbf9d\" data-id=\"5bacbf9d\" data-element_type=\"column\">\n\t\t\t<div class=\"elementor-widget-wrap elementor-element-populated\">\n\t\t\t\t\t\t<div class=\"elementor-widget-image elementor-element elementor-element-24627212 animated-fast pt-animation-medium-offset elementor-invisible elementor-widget elementor-widget-pt_image\" data-id=\"24627212\" data-element_type=\"widget\" data-settings=\"{&quot;_animation&quot;:&quot;fadeInUp&quot;,&quot;_animation_delay&quot;:100}\" data-widget_type=\"pt_image.default\">\n\t\t\t\t<div class=\"elementor-widget-container\">\n\t\t\t\t\t                                        <img decoding=\"async\" src=\"https:\/\/www.pastahouse.ro\/wp-content\/uploads\/2023\/01\/paste-alfredo-pasta-house-iasi-600x901-1.webp\" title=\"paste-alfredo-pasta-house-iasi-600&#215;901\" alt=\"paste-alfredo-pasta-house-iasi-600x901\" loading=\"lazy\" \/>                                            \t\t\t\t<\/div>\n\t\t\t\t<\/div>\n\t\t\t\t\t<\/div>\n\t\t<\/div>\n\t\t\t\t<div class=\"elementor-column elementor-col-50 elementor-inner-column elementor-element elementor-element-4a78a5bd\" data-id=\"4a78a5bd\" data-element_type=\"column\">\n\t\t\t<div class=\"elementor-widget-wrap elementor-element-populated\">\n\t\t\t\t\t\t<div class=\"elementor-widget-image elementor-element elementor-element-686ab28b animated-fast pt-animation-medium-offset elementor-invisible elementor-widget elementor-widget-pt_image\" data-id=\"686ab28b\" data-element_type=\"widget\" data-settings=\"{&quot;_animation&quot;:&quot;fadeInUp&quot;,&quot;_animation_delay&quot;:300}\" data-widget_type=\"pt_image.default\">\n\t\t\t\t<div class=\"elementor-widget-container\">\n\t\t\t\t\t                                        <img decoding=\"async\" src=\"https:\/\/www.pastahouse.ro\/wp-content\/uploads\/2025\/10\/paste-gamberi-al-vino-bianco-pasta-house-iasi.webp\" title=\"paste-gamberi-al-vino-bianco-pasta-house-iasi\" alt=\"paste-gamberi-al-vino-bianco-pasta-house-iasi\" loading=\"lazy\" \/>                                            \t\t\t\t<\/div>\n\t\t\t\t<\/div>\n\t\t\t\t\t<\/div>\n\t\t<\/div>\n\t\t\t\t\t<\/div>\n\t\t<\/section>\n\t\t\t\t\t<\/div>\n\t\t<\/div>\n\t\t\t\t\t<\/div>\n\t\t<\/section>\n\t\t\t\t<section class=\"elementor-section elementor-top-section elementor-element elementor-element-ca56dde elementor-reverse-tablet elementor-reverse-mobile elementor-section-boxed elementor-section-height-default elementor-section-height-default\" data-id=\"ca56dde\" data-element_type=\"section\" data-settings=\"{&quot;background_background&quot;:&quot;classic&quot;}\">\n\t\t\t\t\t\t<div class=\"elementor-container elementor-column-gap-no\">\n\t\t\t\t\t<div class=\"elementor-column elementor-col-50 elementor-top-column elementor-element elementor-element-7a1b3ea\" data-id=\"7a1b3ea\" data-element_type=\"column\">\n\t\t\t<div class=\"elementor-widget-wrap elementor-element-populated\">\n\t\t\t\t\t\t<section class=\"elementor-section elementor-inner-section elementor-element elementor-element-dc50889 elementor-section-boxed elementor-section-height-default elementor-section-height-default\" data-id=\"dc50889\" data-element_type=\"section\">\n\t\t\t\t\t\t<div class=\"elementor-container elementor-column-gap-no\">\n\t\t\t\t\t<div class=\"elementor-column elementor-col-50 elementor-inner-column elementor-element elementor-element-a899c41\" data-id=\"a899c41\" data-element_type=\"column\">\n\t\t\t<div class=\"elementor-widget-wrap elementor-element-populated\">\n\t\t\t\t\t\t<div class=\"elementor-widget-image elementor-element elementor-element-3ac3049 animated-fast pt-animation-medium-offset elementor-invisible elementor-widget elementor-widget-pt_image\" data-id=\"3ac3049\" data-element_type=\"widget\" data-settings=\"{&quot;_animation&quot;:&quot;fadeInUp&quot;,&quot;_animation_delay&quot;:100}\" data-widget_type=\"pt_image.default\">\n\t\t\t\t<div class=\"elementor-widget-container\">\n\t\t\t\t\t                                        <img decoding=\"async\" src=\"https:\/\/www.pastahouse.ro\/wp-content\/uploads\/2023\/03\/paste-al-pomodoro-pasta-house-iasi-600x901-1.webp\" title=\"paste-al-pomodoro-pasta-house-iasi-600&#215;901\" alt=\"paste-al-pomodoro-pasta-house-iasi-600x901\" loading=\"lazy\" \/>                                            \t\t\t\t<\/div>\n\t\t\t\t<\/div>\n\t\t\t\t\t<\/div>\n\t\t<\/div>\n\t\t\t\t<div class=\"elementor-column elementor-col-50 elementor-inner-column elementor-element elementor-element-f34dd2c\" data-id=\"f34dd2c\" data-element_type=\"column\">\n\t\t\t<div class=\"elementor-widget-wrap elementor-element-populated\">\n\t\t\t\t\t\t<div class=\"elementor-widget-image elementor-element elementor-element-9e8d48a animated-fast pt-animation-medium-offset elementor-invisible elementor-widget elementor-widget-pt_image\" data-id=\"9e8d48a\" data-element_type=\"widget\" data-settings=\"{&quot;_animation&quot;:&quot;fadeInUp&quot;,&quot;_animation_delay&quot;:300}\" data-widget_type=\"pt_image.default\">\n\t\t\t\t<div class=\"elementor-widget-container\">\n\t\t\t\t\t                                        <img decoding=\"async\" src=\"https:\/\/www.pastahouse.ro\/wp-content\/uploads\/2022\/11\/paste-aglio-olio-e-peperoncino-pasta-house-iasi-.jpeg\" title=\"paste-aglio-olio-e-peperoncino-pasta-house-iasi-\" alt=\"paste-aglio-olio-e-peperoncino-pasta-house-iasi-\" loading=\"lazy\" \/>                                            \t\t\t\t<\/div>\n\t\t\t\t<\/div>\n\t\t\t\t\t<\/div>\n\t\t<\/div>\n\t\t\t\t\t<\/div>\n\t\t<\/section>\n\t\t\t\t\t<\/div>\n\t\t<\/div>\n\t\t\t\t<div class=\"elementor-column elementor-col-50 elementor-top-column elementor-element elementor-element-88cbe9e dark-color\" data-id=\"88cbe9e\" data-element_type=\"column\">\n\t\t\t<div class=\"elementor-widget-wrap elementor-element-populated\">\n\t\t\t\t\t\t<div class=\"elementor-element elementor-element-ee1fa72 elementor-widget elementor-widget-pt_title\" data-id=\"ee1fa72\" data-element_type=\"widget\" data-widget_type=\"pt_title.default\">\n\t\t\t\t<div class=\"elementor-widget-container\">\n\t\t\t\t\t\n        <div class=\"pt-title-wrap\">\t            <div class=\"pt-subtitle-wrap\"><span class=\"pt-subtitle color-secondary style-bordered\">Pasta KIds<\/span><\/div>\t            <h5 class=\"pt-title color-white\">\n\t                Paste delicioase pentru copii\t            <\/h5>\t            <div class=\"pt-title-text\">\n\t                <p>Pentru cei mai mici iubitori de paste, am creat re\u021bete speciale, colorate \u0219i gustoase, preg\u0103tite din ingrediente naturale \u0219i atent alese.<\/p>\t            <\/div>                <div class=\"pt-title-btn\">\n                    <a class=\"button elementor-button-link\" role=\"button\" href=\"https:\/\/www.pastahouse.ro\/en\/c\/pasta-kids\/\">\n                        <span class=\"pt-btn-text\">Descopera<\/span>\n                    <\/a>\n                <\/div>\n                    <\/div>\t\t\t\t<\/div>\n\t\t\t\t<\/div>\n\t\t\t\t\t<\/div>\n\t\t<\/div>\n\t\t\t\t\t<\/div>\n\t\t<\/section>\n\t\t\t\t<section class=\"elementor-section elementor-top-section elementor-element elementor-element-3dc4b86f elementor-section-boxed elementor-section-height-default elementor-section-height-default\" data-id=\"3dc4b86f\" data-element_type=\"section\" data-settings=\"{&quot;background_background&quot;:&quot;classic&quot;}\">\n\t\t\t\t\t\t<div class=\"elementor-container elementor-column-gap-no\">\n\t\t\t\t\t<div class=\"elementor-column elementor-col-50 elementor-top-column elementor-element elementor-element-482cdc9 dark-color\" data-id=\"482cdc9\" data-element_type=\"column\">\n\t\t\t<div class=\"elementor-widget-wrap elementor-element-populated\">\n\t\t\t\t\t\t<div class=\"elementor-element elementor-element-da38331 elementor-widget elementor-widget-pt_title\" data-id=\"da38331\" data-element_type=\"widget\" data-widget_type=\"pt_title.default\">\n\t\t\t\t<div class=\"elementor-widget-container\">\n\t\t\t\t\t\n        <div class=\"pt-title-wrap\">\t            <div class=\"pt-subtitle-wrap\"><span class=\"pt-subtitle color-secondary style-bordered\">Locatie<\/span><\/div>\t            <h5 class=\"pt-title color-white\">\n\t                Unde ne puteti gasi?\n\t            <\/h5>\t            <div class=\"pt-title-text\">\n\t                <p>Ai \u00eentreb\u0103ri despre meniul nostru sau vrei s\u0103 faci o rezervare?\u00a0<\/p><p><a href=\"https:\/\/www.google.com\/maps\/place\/Pasta+House\/@47.1644381,27.5931512,19z\/data=!4m6!3m5!1s0x40cafbe17868da4b:0xa2b47100d1b1b5d9!8m2!3d47.1644357!4d27.5936715!16sg11jsvx7kx2?entry=ttu&amp;g_ep=EgoyMDI1MTAyNy4wIKXMDSoASAFQAw\">Strada Maior Eremia Popescu 1, Ia\u0219i 700259<\/a><br \/>E: <a href=\"mailto:office@pastahouse.ro\">office@pastahouse.ro<\/a><br \/>T: <a href=\"tel:0773 847 822\">0773 847 822<\/a><\/p>\t            <\/div>                <div class=\"pt-title-btn\">\n                    <a class=\"button elementor-button-link\" role=\"button\" href=\"https:\/\/www.google.com\/maps\/place\/Barbican+Centre\/@51.5205487,-0.0936463,18z\/data=!4m13!1m7!3m6!1s0x48761ca98744377d:0x9e296ec2b218ce78!2sSilk+St,+London,+UK!3b1!8m2!3d51.5198778!4d-0.0916239!3m4!1s0x48761b56fb64b275:0xc756e26675d21f40!8m2!3d51.5202077!4d-0.0937864\" target=\"_blank\">\n                        <span class=\"pt-btn-text\">Catre locatie<\/span>\n                    <\/a>\n                <\/div>\n                    <\/div>\t\t\t\t<\/div>\n\t\t\t\t<\/div>\n\t\t\t\t\t<\/div>\n\t\t<\/div>\n\t\t\t\t<div class=\"elementor-column elementor-col-50 elementor-top-column elementor-element elementor-element-5ee8978b\" data-id=\"5ee8978b\" data-element_type=\"column\">\n\t\t\t<div class=\"elementor-widget-wrap elementor-element-populated\">\n\t\t\t\t\t\t<div class=\"elementor-element elementor-element-1871b44f animated-fast pt-animation-medium-offset elementor-invisible elementor-widget elementor-widget-pt_gallery\" data-id=\"1871b44f\" data-element_type=\"widget\" data-settings=\"{&quot;_animation&quot;:&quot;fadeInUp&quot;,&quot;_animation_delay&quot;:300}\" data-widget_type=\"pt_gallery.default\">\n\t\t\t\t<div class=\"elementor-widget-container\">\n\t\t\t\t\t\n            <div class=\"pt-gallery gap-5 gallery-grid grid-col-2\">\n                <div class=\"pt-gallery-wrap\">                    <div class=\"pt-gallery-item\"><img decoding=\"async\" src=\"https:\/\/www.pastahouse.ro\/wp-content\/uploads\/2025\/10\/pasta-friends-pasta-house-iasi-600x901-1-1.webp\" title=\"pasta-friends-pasta-house-iasi-600&#215;901-1-1\" alt=\"pasta-friends-pasta-house-iasi-600x901-1-1\" loading=\"lazy\" \/>                    <\/div>                    <div class=\"pt-gallery-item\"><img decoding=\"async\" src=\"https:\/\/www.pastahouse.ro\/wp-content\/uploads\/2025\/10\/paste-gamberi-al-pomodoro-pasta-house-iasi.webp\" title=\"paste-gamberi-al-pomodoro-pasta-house-iasi\" alt=\"paste-gamberi-al-pomodoro-pasta-house-iasi\" loading=\"lazy\" \/>                    <\/div>                <\/div>\n            <\/div>\t\t\t\t<\/div>\n\t\t\t\t<\/div>\n\t\t\t\t\t<\/div>\n\t\t<\/div>\n\t\t\t\t\t<\/div>\n\t\t<\/section>\n\t\t\t\t<\/div>","protected":false},"excerpt":{"rendered":"<p>Paste mereu proaspete Sosuri &#038; Paste Combina\u021bia perfect\u0103 de gust Descoper\u0103 echilibrul ideal dintre paste proaspete \u0219i sosuri preg\u0103tite zilnic din ingrediente autentice. Descopera Pasta KIds Paste delicioase pentru copii Pentru cei mai mici iubitori de paste, am creat re\u021bete speciale, colorate \u0219i gustoase, preg\u0103tite din ingrediente naturale \u0219i atent alese. Descopera Locatie Unde ne &#8230;<\/p>","protected":false},"author":1,"featured_media":0,"parent":0,"menu_order":0,"comment_status":"closed","ping_status":"closed","template":"template-wide-content.php","meta":{"_acf_changed":false,"inline_featured_image":false,"patiotime_single_page_hide_site_header":"","patiotime_single_page_site_header_source":"","patiotime_single_page_custom_site_header":"","patiotime_single_page_custom_sticky_site_header":"","patiotime_single_page_custom_page_title_margin_top_source":"","patiotime_single_page_custom_page_title_desktop_margin_top":"","patiotime_single_page_custom_page_title_tablet_margin_top":"","patiotime_single_page_custom_page_title_mobile_margin_top":"","patiotime_single_page_hide_page_title":"on","patiotime_single_page_header_section_size":"","patiotime_single_page_header_background_color":"","patiotime_single_page_header_background_position_x":"center","patiotime_single_page_header_background_position_y":"center","patiotime_single_page_header_background_size":"cover","patiotime_single_page_header_background_repeat":"off","patiotime_single_page_header_background_scroll":"on","patiotime_single_page_header_text_color":"","patiotime_single_page_header_show_breadcrumb":"","patiotime_single_page_site_footer_hide_main":"","patiotime_single_custom_site_footer_main_source":"","patiotime_single_custom_site_footer_main":"","patiotime_single_page_site_footer_hide_above":"","patiotime_single_custom_site_footer_above_source":"","patiotime_single_custom_site_footer_above":"","patiotime_single_page_site_footer_hide_instagram":"","patiotime_single_page_site_footer_hide_bottom":"","patiotime_single_custom_mobile_menu_source":"","patiotime_single_custom_mobile_menu":"","patiotime_single_custom_mobile_menu_animation":"","patiotime_single_custom_mobile_menu_width":"","patiotime_single_custom_mobile_menu_custom_width":375,"footnotes":""},"class_list":["post-4888","page","type-page","status-publish","hentry"],"acf":[],"aioseo_notices":[],"_links":{"self":[{"href":"https:\/\/www.pastahouse.ro\/en\/wp-json\/wp\/v2\/pages\/4888","targetHints":{"allow":["GET"]}}],"collection":[{"href":"https:\/\/www.pastahouse.ro\/en\/wp-json\/wp\/v2\/pages"}],"about":[{"href":"https:\/\/www.pastahouse.ro\/en\/wp-json\/wp\/v2\/types\/page"}],"author":[{"embeddable":true,"href":"https:\/\/www.pastahouse.ro\/en\/wp-json\/wp\/v2\/users\/1"}],"replies":[{"embeddable":true,"href":"https:\/\/www.pastahouse.ro\/en\/wp-json\/wp\/v2\/comments?post=4888"}],"version-history":[{"count":57,"href":"https:\/\/www.pastahouse.ro\/en\/wp-json\/wp\/v2\/pages\/4888\/revisions"}],"predecessor-version":[{"id":11323,"href":"https:\/\/www.pastahouse.ro\/en\/wp-json\/wp\/v2\/pages\/4888\/revisions\/11323"}],"wp:attachment":[{"href":"https:\/\/www.pastahouse.ro\/en\/wp-json\/wp\/v2\/media?parent=4888"}],"curies":[{"name":"wp","href":"https:\/\/api.w.org\/{rel}","templated":true}]}}