{"id":10933,"date":"2025-10-31T20:21:55","date_gmt":"2025-10-31T18:21:55","guid":{"rendered":"https:\/\/www.pastahouse.ro\/?page_id=10933"},"modified":"2025-10-31T20:58:24","modified_gmt":"2025-10-31T18:58:24","slug":"blog","status":"publish","type":"page","link":"https:\/\/www.pastahouse.ro\/en\/blog\/","title":{"rendered":"Blog"},"content":{"rendered":"<div data-elementor-type=\"wp-page\" data-elementor-id=\"10933\" class=\"elementor elementor-10933\">\n\t\t\t\t<div class=\"elementor-element elementor-element-fe15397 e-flex e-con-boxed e-con e-parent\" data-id=\"fe15397\" data-element_type=\"container\">\n\t\t\t\t\t<div class=\"e-con-inner\">\n\t\t\t\t<div class=\"elementor-element elementor-element-52aba19 elementor-widget elementor-widget-pt_blog\" data-id=\"52aba19\" data-element_type=\"widget\" data-widget_type=\"pt_blog.default\">\n\t\t\t\t<div class=\"elementor-widget-container\">\n\t\t\t\t\t\t\t\t\t<div class=\"posts layout-grid column-3 img-ratio-3-2\" data-settings='{\"query\":{\"paged\":1,\"posts_per_page\":\"10\",\"ignore_sticky_posts\":true},\"settings\":{\"layout\":\"grid\",\"columns\":\"3\",\"post_meta\":[\"excerpt\",\"read_more_btn\",\"category\",\"date\"],\"page_layout\":\"\",\"pagination\":\"\",\"archive_page\":\"elementor\"}}'>\n\t\t\t\t\t\t\t\t\t<div class=\"posts-wrapper\">\n<article class=\"post-11257 post type-post status-publish format-standard hentry category-paste\">\n    <div class=\"post-content\">\n        <header class=\"post-header\">            <div class=\"meta-wrap\">                    <div class=\"meta\">        <div class=\"meta-item time\">\n            <a href=\"https:\/\/www.pastahouse.ro\/en\/pastahouse-si-sacosele-cu-30-componenta-biodegradabila\/\">\n                <time class=\"published\" datetime=\"2025-12-21T20:54:19+02:00\">December 21, 2025<\/time>\n            <\/a>\n        <\/div>                     <\/div>\t\t\t<div class=\"cat-links\"><a href=\"https:\/\/www.pastahouse.ro\/en\/category\/paste\/\" rel=\"tag\">Paste<\/a><\/div>            <\/div>    <h2 class=\"post-title\">\n        <a href=\"https:\/\/www.pastahouse.ro\/en\/pastahouse-si-sacosele-cu-30-componenta-biodegradabila\/\">PastaHouse \u0219i saco\u0219ele cu 30% component\u0103 biodegradabil\u0103<\/a>\n    <\/h2>        <\/header>\t\t<div class=\"post-excerpt\"><p>PastaHouse folose\u0219te saco\u0219e cu 30% component\u0103 biodegradabil\u0103 La PastaHouse, ne dorim ca fiecare experien\u021b\u0103 oferit\u0103 clien\u021bilor no\u0219tri s\u0103 fie nu doar gustoas\u0103, ci \u0219i responsabil\u0103 &#8230;<\/p>\n<\/div>            <footer class=\"post-footer\">        <div class=\"more-btn\">\n            <a class=\"read-more-btn button pt-btn-underline\" href=\"https:\/\/www.pastahouse.ro\/en\/pastahouse-si-sacosele-cu-30-componenta-biodegradabila\/\"><span>Citeste<\/span><\/a>\n        <\/div>            <\/footer>    <\/div>\n<\/article>\n\n<article class=\"post-11243 post type-post status-publish format-standard has-post-thumbnail hentry category-paste\">    <div class=\"featured-img\">            <a href=\"https:\/\/www.pastahouse.ro\/en\/pasta-bar-events-iasi-evenimente-cu-paste\/\"><img fetchpriority=\"high\" decoding=\"async\" width=\"780\" height=\"522\" src=\"https:\/\/www.pastahouse.ro\/wp-content\/uploads\/2025\/12\/WhatsApp-Image-2025-12-21-at-18.28.27-1-780x522.jpeg\" class=\"attachment-patiotime_780x9999 size-patiotime_780x9999 wp-post-image image-layout-grid-column-3\" alt=\"Pasta Bar Iasi\" srcset=\"https:\/\/www.pastahouse.ro\/wp-content\/uploads\/2025\/12\/WhatsApp-Image-2025-12-21-at-18.28.27-1-780x522.jpeg 780w, https:\/\/www.pastahouse.ro\/wp-content\/uploads\/2025\/12\/WhatsApp-Image-2025-12-21-at-18.28.27-1-300x201.jpeg 300w, https:\/\/www.pastahouse.ro\/wp-content\/uploads\/2025\/12\/WhatsApp-Image-2025-12-21-at-18.28.27-1-1024x685.jpeg 1024w, https:\/\/www.pastahouse.ro\/wp-content\/uploads\/2025\/12\/WhatsApp-Image-2025-12-21-at-18.28.27-1-768x514.jpeg 768w, https:\/\/www.pastahouse.ro\/wp-content\/uploads\/2025\/12\/WhatsApp-Image-2025-12-21-at-18.28.27-1-18x12.jpeg 18w, https:\/\/www.pastahouse.ro\/wp-content\/uploads\/2025\/12\/WhatsApp-Image-2025-12-21-at-18.28.27-1-1200x803.jpeg 1200w, https:\/\/www.pastahouse.ro\/wp-content\/uploads\/2025\/12\/WhatsApp-Image-2025-12-21-at-18.28.27-1-600x402.jpeg 600w, https:\/\/www.pastahouse.ro\/wp-content\/uploads\/2025\/12\/WhatsApp-Image-2025-12-21-at-18.28.27-1-550x368.jpeg 550w, https:\/\/www.pastahouse.ro\/wp-content\/uploads\/2025\/12\/WhatsApp-Image-2025-12-21-at-18.28.27-1-370x248.jpeg 370w, https:\/\/www.pastahouse.ro\/wp-content\/uploads\/2025\/12\/WhatsApp-Image-2025-12-21-at-18.28.27-1-255x171.jpeg 255w, https:\/\/www.pastahouse.ro\/wp-content\/uploads\/2025\/12\/WhatsApp-Image-2025-12-21-at-18.28.27-1-150x100.jpeg 150w, https:\/\/www.pastahouse.ro\/wp-content\/uploads\/2025\/12\/WhatsApp-Image-2025-12-21-at-18.28.27-1.jpeg 1370w\" sizes=\"(max-width: 780px) 100vw, 780px\" \/><\/a>    <\/div>\n    <div class=\"post-content\">\n        <header class=\"post-header\">            <div class=\"meta-wrap\">                    <div class=\"meta\">        <div class=\"meta-item time\">\n            <a href=\"https:\/\/www.pastahouse.ro\/en\/pasta-bar-events-iasi-evenimente-cu-paste\/\">\n                <time class=\"published\" datetime=\"2025-12-21T18:10:33+02:00\">December 21, 2025<\/time>\n            <\/a>\n        <\/div>                     <\/div>\t\t\t<div class=\"cat-links\"><a href=\"https:\/\/www.pastahouse.ro\/en\/category\/paste\/\" rel=\"tag\">Paste<\/a><\/div>            <\/div>    <h2 class=\"post-title\">\n        <a href=\"https:\/\/www.pastahouse.ro\/en\/pasta-bar-events-iasi-evenimente-cu-paste\/\">Pasta Bar Events Ia\u0219i \u2013 Evenimente cu Paste<\/a>\n    <\/h2>        <\/header>\t\t<div class=\"post-excerpt\"><p>Cau\u021bi o solu\u021bie original\u0103 pentru evenimentele tale din Ia\u0219i? Pasta Bar Events este alegerea ideal\u0103 pentru cei care vor mai mult dec\u00e2t un catering clasic. &#8230;<\/p>\n<\/div>            <footer class=\"post-footer\">        <div class=\"more-btn\">\n            <a class=\"read-more-btn button pt-btn-underline\" href=\"https:\/\/www.pastahouse.ro\/en\/pasta-bar-events-iasi-evenimente-cu-paste\/\"><span>Citeste<\/span><\/a>\n        <\/div>            <\/footer>    <\/div>\n<\/article>\n\n<article class=\"post-9946 post type-post status-publish format-standard has-post-thumbnail hentry category-paste\">    <div class=\"featured-img\">            <a href=\"https:\/\/www.pastahouse.ro\/en\/pasta-house-la-tvr-iasi\/\"><img decoding=\"async\" width=\"780\" height=\"451\" src=\"https:\/\/www.pastahouse.ro\/wp-content\/uploads\/2023\/05\/88777.png\" class=\"attachment-patiotime_780x9999 size-patiotime_780x9999 wp-post-image image-layout-grid-column-3\" alt=\"\" srcset=\"https:\/\/www.pastahouse.ro\/wp-content\/uploads\/2023\/05\/88777.png 1779w, https:\/\/www.pastahouse.ro\/wp-content\/uploads\/2023\/05\/88777-150x87.png 150w, https:\/\/www.pastahouse.ro\/wp-content\/uploads\/2023\/05\/88777-600x347.png 600w, https:\/\/www.pastahouse.ro\/wp-content\/uploads\/2023\/05\/88777-300x174.png 300w, https:\/\/www.pastahouse.ro\/wp-content\/uploads\/2023\/05\/88777-1024x592.png 1024w, https:\/\/www.pastahouse.ro\/wp-content\/uploads\/2023\/05\/88777-768x444.png 768w, https:\/\/www.pastahouse.ro\/wp-content\/uploads\/2023\/05\/88777-1536x888.png 1536w, https:\/\/www.pastahouse.ro\/wp-content\/uploads\/2023\/05\/88777-18x10.png 18w\" sizes=\"(max-width: 780px) 100vw, 780px\" \/><\/a>    <\/div>\n    <div class=\"post-content\">\n        <header class=\"post-header\">            <div class=\"meta-wrap\">                    <div class=\"meta\">        <div class=\"meta-item time\">\n            <a href=\"https:\/\/www.pastahouse.ro\/en\/pasta-house-la-tvr-iasi\/\">\n                <time class=\"published\" datetime=\"2023-05-11T20:35:20+02:00\">May 11, 2023<\/time>\n            <\/a>\n        <\/div>                     <\/div>\t\t\t<div class=\"cat-links\"><a href=\"https:\/\/www.pastahouse.ro\/en\/category\/paste\/\" rel=\"tag\">Paste<\/a><\/div>            <\/div>    <h2 class=\"post-title\">\n        <a href=\"https:\/\/www.pastahouse.ro\/en\/pasta-house-la-tvr-iasi\/\">Pasta House la TVR Ia\u0219i<\/a>\n    <\/h2>        <\/header>\t\t<div class=\"post-excerpt\"><\/div>            <footer class=\"post-footer\">        <div class=\"more-btn\">\n            <a class=\"read-more-btn button pt-btn-underline\" href=\"https:\/\/www.pastahouse.ro\/en\/pasta-house-la-tvr-iasi\/\"><span>Citeste<\/span><\/a>\n        <\/div>            <\/footer>    <\/div>\n<\/article>\n\n<article class=\"post-9943 post type-post status-publish format-standard has-post-thumbnail hentry category-paste\">    <div class=\"featured-img\">            <a href=\"https:\/\/www.pastahouse.ro\/en\/pasta-house-la-iasul-contemporan\/\"><img decoding=\"async\" width=\"780\" height=\"439\" src=\"https:\/\/www.pastahouse.ro\/wp-content\/uploads\/2023\/05\/maxresdefault.jpg\" class=\"attachment-patiotime_780x9999 size-patiotime_780x9999 wp-post-image image-layout-grid-column-3\" alt=\"\" srcset=\"https:\/\/www.pastahouse.ro\/wp-content\/uploads\/2023\/05\/maxresdefault.jpg 1280w, https:\/\/www.pastahouse.ro\/wp-content\/uploads\/2023\/05\/maxresdefault-150x84.jpg 150w, https:\/\/www.pastahouse.ro\/wp-content\/uploads\/2023\/05\/maxresdefault-600x338.jpg 600w, https:\/\/www.pastahouse.ro\/wp-content\/uploads\/2023\/05\/maxresdefault-300x169.jpg 300w, https:\/\/www.pastahouse.ro\/wp-content\/uploads\/2023\/05\/maxresdefault-1024x576.jpg 1024w, https:\/\/www.pastahouse.ro\/wp-content\/uploads\/2023\/05\/maxresdefault-768x432.jpg 768w, https:\/\/www.pastahouse.ro\/wp-content\/uploads\/2023\/05\/maxresdefault-18x10.jpg 18w\" sizes=\"(max-width: 780px) 100vw, 780px\" \/><\/a>    <\/div>\n    <div class=\"post-content\">\n        <header class=\"post-header\">            <div class=\"meta-wrap\">                    <div class=\"meta\">        <div class=\"meta-item time\">\n            <a href=\"https:\/\/www.pastahouse.ro\/en\/pasta-house-la-iasul-contemporan\/\">\n                <time class=\"published\" datetime=\"2023-05-11T20:10:43+02:00\">May 11, 2023<\/time>\n            <\/a>\n        <\/div>                     <\/div>\t\t\t<div class=\"cat-links\"><a href=\"https:\/\/www.pastahouse.ro\/en\/category\/paste\/\" rel=\"tag\">Paste<\/a><\/div>            <\/div>    <h2 class=\"post-title\">\n        <a href=\"https:\/\/www.pastahouse.ro\/en\/pasta-house-la-iasul-contemporan\/\">Pasta House la Ia\u0219ul Contemporan<\/a>\n    <\/h2>        <\/header>\t\t<div class=\"post-excerpt\"><\/div>            <footer class=\"post-footer\">        <div class=\"more-btn\">\n            <a class=\"read-more-btn button pt-btn-underline\" href=\"https:\/\/www.pastahouse.ro\/en\/pasta-house-la-iasul-contemporan\/\"><span>Citeste<\/span><\/a>\n        <\/div>            <\/footer>    <\/div>\n<\/article>\n\n<article class=\"post-9940 post type-post status-publish format-standard has-post-thumbnail hentry category-paste\">    <div class=\"featured-img\">            <a href=\"https:\/\/www.pastahouse.ro\/en\/pasta-house-la-bzi\/\"><img loading=\"lazy\" decoding=\"async\" width=\"780\" height=\"442\" src=\"https:\/\/www.pastahouse.ro\/wp-content\/uploads\/2023\/05\/52.png\" class=\"attachment-patiotime_780x9999 size-patiotime_780x9999 wp-post-image image-layout-grid-column-3\" alt=\"\" srcset=\"https:\/\/www.pastahouse.ro\/wp-content\/uploads\/2023\/05\/52.png 1881w, https:\/\/www.pastahouse.ro\/wp-content\/uploads\/2023\/05\/52-150x85.png 150w, https:\/\/www.pastahouse.ro\/wp-content\/uploads\/2023\/05\/52-600x340.png 600w, https:\/\/www.pastahouse.ro\/wp-content\/uploads\/2023\/05\/52-300x170.png 300w, https:\/\/www.pastahouse.ro\/wp-content\/uploads\/2023\/05\/52-1024x581.png 1024w, https:\/\/www.pastahouse.ro\/wp-content\/uploads\/2023\/05\/52-768x436.png 768w, https:\/\/www.pastahouse.ro\/wp-content\/uploads\/2023\/05\/52-1536x871.png 1536w, https:\/\/www.pastahouse.ro\/wp-content\/uploads\/2023\/05\/52-18x10.png 18w\" sizes=\"(max-width: 780px) 100vw, 780px\" \/><\/a>    <\/div>\n    <div class=\"post-content\">\n        <header class=\"post-header\">            <div class=\"meta-wrap\">                    <div class=\"meta\">        <div class=\"meta-item time\">\n            <a href=\"https:\/\/www.pastahouse.ro\/en\/pasta-house-la-bzi\/\">\n                <time class=\"published\" datetime=\"2023-05-11T20:07:43+02:00\">May 11, 2023<\/time>\n            <\/a>\n        <\/div>                     <\/div>\t\t\t<div class=\"cat-links\"><a href=\"https:\/\/www.pastahouse.ro\/en\/category\/paste\/\" rel=\"tag\">Paste<\/a><\/div>            <\/div>    <h2 class=\"post-title\">\n        <a href=\"https:\/\/www.pastahouse.ro\/en\/pasta-house-la-bzi\/\">Pasta House la BZI<\/a>\n    <\/h2>        <\/header>\t\t<div class=\"post-excerpt\"><\/div>            <footer class=\"post-footer\">        <div class=\"more-btn\">\n            <a class=\"read-more-btn button pt-btn-underline\" href=\"https:\/\/www.pastahouse.ro\/en\/pasta-house-la-bzi\/\"><span>Citeste<\/span><\/a>\n        <\/div>            <\/footer>    <\/div>\n<\/article>\n\n<article class=\"post-9937 post type-post status-publish format-standard has-post-thumbnail hentry category-paste\">    <div class=\"featured-img\">            <a href=\"https:\/\/www.pastahouse.ro\/en\/pasta-house-la-stirile-kanal-d\/\"><img loading=\"lazy\" decoding=\"async\" width=\"780\" height=\"438\" src=\"https:\/\/www.pastahouse.ro\/wp-content\/uploads\/2023\/05\/768678.png\" class=\"attachment-patiotime_780x9999 size-patiotime_780x9999 wp-post-image image-layout-grid-column-3\" alt=\"\" srcset=\"https:\/\/www.pastahouse.ro\/wp-content\/uploads\/2023\/05\/768678.png 1521w, https:\/\/www.pastahouse.ro\/wp-content\/uploads\/2023\/05\/768678-150x84.png 150w, https:\/\/www.pastahouse.ro\/wp-content\/uploads\/2023\/05\/768678-600x337.png 600w, https:\/\/www.pastahouse.ro\/wp-content\/uploads\/2023\/05\/768678-300x169.png 300w, https:\/\/www.pastahouse.ro\/wp-content\/uploads\/2023\/05\/768678-1024x576.png 1024w, https:\/\/www.pastahouse.ro\/wp-content\/uploads\/2023\/05\/768678-768x432.png 768w, https:\/\/www.pastahouse.ro\/wp-content\/uploads\/2023\/05\/768678-18x10.png 18w\" sizes=\"(max-width: 780px) 100vw, 780px\" \/><\/a>    <\/div>\n    <div class=\"post-content\">\n        <header class=\"post-header\">            <div class=\"meta-wrap\">                    <div class=\"meta\">        <div class=\"meta-item time\">\n            <a href=\"https:\/\/www.pastahouse.ro\/en\/pasta-house-la-stirile-kanal-d\/\">\n                <time class=\"published\" datetime=\"2023-05-11T19:35:57+02:00\">May 11, 2023<\/time>\n            <\/a>\n        <\/div>                     <\/div>\t\t\t<div class=\"cat-links\"><a href=\"https:\/\/www.pastahouse.ro\/en\/category\/paste\/\" rel=\"tag\">Paste<\/a><\/div>            <\/div>    <h2 class=\"post-title\">\n        <a href=\"https:\/\/www.pastahouse.ro\/en\/pasta-house-la-stirile-kanal-d\/\">Pasta House la Stirile Kanal D<\/a>\n    <\/h2>        <\/header>\t\t<div class=\"post-excerpt\"><p>Pentru c\u0103 ador\u0103m pastele am transformat pasiunea noastr\u0103 \u00eentr-o mic\u0103 afacere de tip paste to go,\u00a0aici la Ia\u0219i. Mai jos reg\u0103si\u021bi un mic reportaj despre &#8230;<\/p>\n<\/div>            <footer class=\"post-footer\">        <div class=\"more-btn\">\n            <a class=\"read-more-btn button pt-btn-underline\" href=\"https:\/\/www.pastahouse.ro\/en\/pasta-house-la-stirile-kanal-d\/\"><span>Citeste<\/span><\/a>\n        <\/div>            <\/footer>    <\/div>\n<\/article>\n\n<article class=\"post-9929 post type-post status-publish format-standard has-post-thumbnail hentry category-paste\">    <div class=\"featured-img\">            <a href=\"https:\/\/www.pastahouse.ro\/en\/pasta-house-la-agro-jurnal-digi24\/\"><img loading=\"lazy\" decoding=\"async\" width=\"780\" height=\"419\" src=\"https:\/\/www.pastahouse.ro\/wp-content\/uploads\/2023\/05\/pastahouse-digi24.png\" class=\"attachment-patiotime_780x9999 size-patiotime_780x9999 wp-post-image image-layout-grid-column-3\" alt=\"\" srcset=\"https:\/\/www.pastahouse.ro\/wp-content\/uploads\/2023\/05\/pastahouse-digi24.png 1509w, https:\/\/www.pastahouse.ro\/wp-content\/uploads\/2023\/05\/pastahouse-digi24-150x81.png 150w, https:\/\/www.pastahouse.ro\/wp-content\/uploads\/2023\/05\/pastahouse-digi24-600x322.png 600w, https:\/\/www.pastahouse.ro\/wp-content\/uploads\/2023\/05\/pastahouse-digi24-300x161.png 300w, https:\/\/www.pastahouse.ro\/wp-content\/uploads\/2023\/05\/pastahouse-digi24-1024x550.png 1024w, https:\/\/www.pastahouse.ro\/wp-content\/uploads\/2023\/05\/pastahouse-digi24-768x413.png 768w, https:\/\/www.pastahouse.ro\/wp-content\/uploads\/2023\/05\/pastahouse-digi24-18x10.png 18w\" sizes=\"(max-width: 780px) 100vw, 780px\" \/><\/a>    <\/div>\n    <div class=\"post-content\">\n        <header class=\"post-header\">            <div class=\"meta-wrap\">                    <div class=\"meta\">        <div class=\"meta-item time\">\n            <a href=\"https:\/\/www.pastahouse.ro\/en\/pasta-house-la-agro-jurnal-digi24\/\">\n                <time class=\"published\" datetime=\"2023-05-11T19:28:16+02:00\">May 11, 2023<\/time>\n            <\/a>\n        <\/div>                     <\/div>\t\t\t<div class=\"cat-links\"><a href=\"https:\/\/www.pastahouse.ro\/en\/category\/paste\/\" rel=\"tag\">Paste<\/a><\/div>            <\/div>    <h2 class=\"post-title\">\n        <a href=\"https:\/\/www.pastahouse.ro\/en\/pasta-house-la-agro-jurnal-digi24\/\">Pasta House la Agro Jurnal Digi24<\/a>\n    <\/h2>        <\/header>\t\t<div class=\"post-excerpt\"><p>Mul\u021bumim, Andreea Stroe pentru vizita f\u0103cut\u0103 la c\u0103su\u021ba noastr\u0103 cu paste \u0219i pentru reportajul realizat \u00een cadrul emisiunii Agro Jurnal Digi24 de la Digi24 A &#8230;<\/p>\n<\/div>            <footer class=\"post-footer\">        <div class=\"more-btn\">\n            <a class=\"read-more-btn button pt-btn-underline\" href=\"https:\/\/www.pastahouse.ro\/en\/pasta-house-la-agro-jurnal-digi24\/\"><span>Citeste<\/span><\/a>\n        <\/div>            <\/footer>    <\/div>\n<\/article>\n\n<article class=\"post-9818 post type-post status-publish format-standard has-post-thumbnail hentry category-paste tag-livrare-paste tag-pasta-friends tag-pasta-house tag-pasta-house-iasi tag-paste-bune tag-paste-de-post tag-paste-fresh-iasi tag-paste-iasi tag-paste-proaspete-iasi tag-paste-to-go-iasi\">    <div class=\"featured-img\">            <a href=\"https:\/\/www.pastahouse.ro\/en\/vedeta-meniului-nostru-pasta-friends\/\"><img loading=\"lazy\" decoding=\"async\" width=\"780\" height=\"519\" src=\"https:\/\/www.pastahouse.ro\/wp-content\/uploads\/2023\/03\/pasta-friends-pasta-house-iasi-1024x682-1.webp\" class=\"attachment-patiotime_780x9999 size-patiotime_780x9999 wp-post-image image-layout-grid-column-3\" alt=\"\" srcset=\"https:\/\/www.pastahouse.ro\/wp-content\/uploads\/2023\/03\/pasta-friends-pasta-house-iasi-1024x682-1.webp 1024w, https:\/\/www.pastahouse.ro\/wp-content\/uploads\/2023\/03\/pasta-friends-pasta-house-iasi-1024x682-1-150x100.webp 150w, https:\/\/www.pastahouse.ro\/wp-content\/uploads\/2023\/03\/pasta-friends-pasta-house-iasi-1024x682-1-600x400.webp 600w, https:\/\/www.pastahouse.ro\/wp-content\/uploads\/2023\/03\/pasta-friends-pasta-house-iasi-1024x682-1-300x200.webp 300w, https:\/\/www.pastahouse.ro\/wp-content\/uploads\/2023\/03\/pasta-friends-pasta-house-iasi-1024x682-1-768x512.webp 768w, https:\/\/www.pastahouse.ro\/wp-content\/uploads\/2023\/03\/pasta-friends-pasta-house-iasi-1024x682-1-18x12.webp 18w\" sizes=\"(max-width: 780px) 100vw, 780px\" \/><\/a>    <\/div>\n    <div class=\"post-content\">\n        <header class=\"post-header\">            <div class=\"meta-wrap\">                    <div class=\"meta\">        <div class=\"meta-item time\">\n            <a href=\"https:\/\/www.pastahouse.ro\/en\/vedeta-meniului-nostru-pasta-friends\/\">\n                <time class=\"published\" datetime=\"2023-03-17T11:19:13+02:00\">March 17, 2023<\/time>\n            <\/a>\n        <\/div>                     <\/div>\t\t\t<div class=\"cat-links\"><a href=\"https:\/\/www.pastahouse.ro\/en\/category\/paste\/\" rel=\"tag\">Paste<\/a><\/div>            <\/div>    <h2 class=\"post-title\">\n        <a href=\"https:\/\/www.pastahouse.ro\/en\/vedeta-meniului-nostru-pasta-friends\/\">Vedeta meniului nostru, Pasta Friends<\/a>\n    <\/h2>        <\/header>\t\t<div class=\"post-excerpt\"><p>C\u00e2nd am \u00eenceput s\u0103 lucr\u0103m meniul pentru PASTA HOUSE, al\u0103turi de un profesionist \u00een domeniul horeca, Marian Z\u0103ncianu de la ZORI, i-am transmis dorin\u021ba noastr\u0103 &#8230;<\/p>\n<\/div>            <footer class=\"post-footer\">        <div class=\"more-btn\">\n            <a class=\"read-more-btn button pt-btn-underline\" href=\"https:\/\/www.pastahouse.ro\/en\/vedeta-meniului-nostru-pasta-friends\/\"><span>Citeste<\/span><\/a>\n        <\/div>            <\/footer>    <\/div>\n<\/article>\n\n<article class=\"post-9794 post type-post status-publish format-standard has-post-thumbnail hentry category-paste\">    <div class=\"featured-img\">            <a href=\"https:\/\/www.pastahouse.ro\/en\/paste-proaspete-magie-si-gust-la-cutie\/\"><img loading=\"lazy\" decoding=\"async\" width=\"780\" height=\"520\" src=\"https:\/\/www.pastahouse.ro\/wp-content\/uploads\/2023\/03\/DSC06302-scaled.jpg\" class=\"attachment-patiotime_780x9999 size-patiotime_780x9999 wp-post-image image-layout-grid-column-3\" alt=\"\" srcset=\"https:\/\/www.pastahouse.ro\/wp-content\/uploads\/2023\/03\/DSC06302-scaled.jpg 2560w, https:\/\/www.pastahouse.ro\/wp-content\/uploads\/2023\/03\/DSC06302-scaled-150x100.jpg 150w, https:\/\/www.pastahouse.ro\/wp-content\/uploads\/2023\/03\/DSC06302-scaled-600x400.jpg 600w, https:\/\/www.pastahouse.ro\/wp-content\/uploads\/2023\/03\/DSC06302-300x200.jpg 300w, https:\/\/www.pastahouse.ro\/wp-content\/uploads\/2023\/03\/DSC06302-1024x683.jpg 1024w, https:\/\/www.pastahouse.ro\/wp-content\/uploads\/2023\/03\/DSC06302-768x512.jpg 768w, https:\/\/www.pastahouse.ro\/wp-content\/uploads\/2023\/03\/DSC06302-1536x1024.jpg 1536w, https:\/\/www.pastahouse.ro\/wp-content\/uploads\/2023\/03\/DSC06302-2048x1365.jpg 2048w, https:\/\/www.pastahouse.ro\/wp-content\/uploads\/2023\/03\/DSC06302-18x12.jpg 18w\" sizes=\"(max-width: 780px) 100vw, 780px\" \/><\/a>    <\/div>\n    <div class=\"post-content\">\n        <header class=\"post-header\">            <div class=\"meta-wrap\">                    <div class=\"meta\">        <div class=\"meta-item time\">\n            <a href=\"https:\/\/www.pastahouse.ro\/en\/paste-proaspete-magie-si-gust-la-cutie\/\">\n                <time class=\"published\" datetime=\"2023-03-03T18:42:46+02:00\">March 3, 2023<\/time>\n            <\/a>\n        <\/div>                     <\/div>\t\t\t<div class=\"cat-links\"><a href=\"https:\/\/www.pastahouse.ro\/en\/category\/paste\/\" rel=\"tag\">Paste<\/a><\/div>            <\/div>    <h2 class=\"post-title\">\n        <a href=\"https:\/\/www.pastahouse.ro\/en\/paste-proaspete-magie-si-gust-la-cutie\/\">Paste proaspete, magie \u0219i gust la cutie<\/a>\n    <\/h2>        <\/header>\t\t<div class=\"post-excerpt\"><p>Pasta House este un concept de paste to go \u00een cadrul c\u0103reia se realizeaz\u0103 paste proaspete din f\u0103in\u0103 de gr\u00e2u dur remacinat\u0103. Pastele proaspete sunt &#8230;<\/p>\n<\/div>            <footer class=\"post-footer\">        <div class=\"more-btn\">\n            <a class=\"read-more-btn button pt-btn-underline\" href=\"https:\/\/www.pastahouse.ro\/en\/paste-proaspete-magie-si-gust-la-cutie\/\"><span>Citeste<\/span><\/a>\n        <\/div>            <\/footer>    <\/div>\n<\/article>\n\t\t\t\t<\/div>\t\t\t\t<\/div>\t\t\t\t<\/div>\n\t\t\t\t<\/div>\n\t\t\t\t\t<\/div>\n\t\t\t\t<\/div>\n\t\t\t\t<\/div>","protected":false},"excerpt":{"rendered":"<p>iunie 21, 2025 Fara categorie SALATA DE PASTE CREVETI Read More mai 11, 2023 Paste Pasta House la TVR Ia\u0219i Read More mai 11, 2023 Paste Pasta House la Ia\u0219ul Contemporan Read More mai 11, 2023 Paste Pasta House la BZI Read More mai 11, 2023 Paste Pasta House la Stirile Kanal D Pentru c\u0103 &#8230;<\/p>","protected":false},"author":1,"featured_media":0,"parent":0,"menu_order":0,"comment_status":"closed","ping_status":"closed","template":"template-fullwidth.php","meta":{"_acf_changed":false,"inline_featured_image":false,"patiotime_single_page_hide_site_header":"","patiotime_single_page_site_header_source":"","patiotime_single_page_custom_site_header":"","patiotime_single_page_custom_sticky_site_header":"","patiotime_single_page_custom_page_title_margin_top_source":"","patiotime_single_page_custom_page_title_desktop_margin_top":"","patiotime_single_page_custom_page_title_tablet_margin_top":"","patiotime_single_page_custom_page_title_mobile_margin_top":"","patiotime_single_page_hide_page_title":"","patiotime_single_page_header_section_size":"","patiotime_single_page_header_background_color":"","patiotime_single_page_header_background_position_x":"center","patiotime_single_page_header_background_position_y":"center","patiotime_single_page_header_background_size":"cover","patiotime_single_page_header_background_repeat":"off","patiotime_single_page_header_background_scroll":"on","patiotime_single_page_header_text_color":"","patiotime_single_page_header_show_breadcrumb":"","patiotime_single_page_site_footer_hide_main":"","patiotime_single_custom_site_footer_main_source":"","patiotime_single_custom_site_footer_main":"","patiotime_single_page_site_footer_hide_above":"","patiotime_single_custom_site_footer_above_source":"","patiotime_single_custom_site_footer_above":"","patiotime_single_page_site_footer_hide_instagram":"","patiotime_single_page_site_footer_hide_bottom":"","patiotime_single_custom_mobile_menu_source":"","patiotime_single_custom_mobile_menu":"","patiotime_single_custom_mobile_menu_animation":"","patiotime_single_custom_mobile_menu_width":"","patiotime_single_custom_mobile_menu_custom_width":375,"footnotes":""},"class_list":["post-10933","page","type-page","status-publish","hentry"],"acf":[],"aioseo_notices":[],"_links":{"self":[{"href":"https:\/\/www.pastahouse.ro\/en\/wp-json\/wp\/v2\/pages\/10933","targetHints":{"allow":["GET"]}}],"collection":[{"href":"https:\/\/www.pastahouse.ro\/en\/wp-json\/wp\/v2\/pages"}],"about":[{"href":"https:\/\/www.pastahouse.ro\/en\/wp-json\/wp\/v2\/types\/page"}],"author":[{"embeddable":true,"href":"https:\/\/www.pastahouse.ro\/en\/wp-json\/wp\/v2\/users\/1"}],"replies":[{"embeddable":true,"href":"https:\/\/www.pastahouse.ro\/en\/wp-json\/wp\/v2\/comments?post=10933"}],"version-history":[{"count":6,"href":"https:\/\/www.pastahouse.ro\/en\/wp-json\/wp\/v2\/pages\/10933\/revisions"}],"predecessor-version":[{"id":10941,"href":"https:\/\/www.pastahouse.ro\/en\/wp-json\/wp\/v2\/pages\/10933\/revisions\/10941"}],"wp:attachment":[{"href":"https:\/\/www.pastahouse.ro\/en\/wp-json\/wp\/v2\/media?parent=10933"}],"curies":[{"name":"wp","href":"https:\/\/api.w.org\/{rel}","templated":true}]}}