{"id":10706,"date":"2025-10-30T09:30:38","date_gmt":"2025-10-30T07:30:38","guid":{"rendered":"https:\/\/www.pastahouse.ro\/?page_id=10706"},"modified":"2025-11-25T18:41:13","modified_gmt":"2025-11-25T16:41:13","slug":"pasta-kids-anniversary","status":"publish","type":"page","link":"https:\/\/www.pastahouse.ro\/en\/pasta-kids-anniversary\/","title":{"rendered":"Pasta Kids Anniversary"},"content":{"rendered":"<div data-elementor-type=\"wp-page\" data-elementor-id=\"10706\" class=\"elementor elementor-10706\">\n\t\t\t\t<div class=\"elementor-element elementor-element-e510db9 e-flex e-con-boxed e-con e-parent\" data-id=\"e510db9\" data-element_type=\"container\">\n\t\t\t\t\t<div class=\"e-con-inner\">\n\t\t\t\t<div class=\"elementor-element elementor-element-6298446 elementor-widget elementor-widget-text-editor\" data-id=\"6298446\" data-element_type=\"widget\" data-widget_type=\"text-editor.default\">\n\t\t\t\t\t\t\t\t\t<h4 style=\"text-align: center;\">Pasta Kids Anniversary \u2013 Aniversarea copilului t\u0103u, delicioas\u0103 \u0219i s\u0103n\u0103toas\u0103!<\/h4>\t\t\t\t\t\t\t\t<\/div>\n\t\t\t\t\t<\/div>\n\t\t\t\t<\/div>\n\t\t<div class=\"elementor-element elementor-element-da8b5e3 e-flex e-con-boxed e-con e-parent\" data-id=\"da8b5e3\" data-element_type=\"container\">\n\t\t\t\t\t<div class=\"e-con-inner\">\n\t\t<div class=\"elementor-element elementor-element-f0d38db e-con-full e-flex e-con e-child\" data-id=\"f0d38db\" data-element_type=\"container\">\n\t\t\t\t<div class=\"elementor-element elementor-element-9f44d22 elementor-widget elementor-widget-text-editor\" data-id=\"9f44d22\" data-element_type=\"widget\" data-widget_type=\"text-editor.default\">\n\t\t\t\t\t\t\t\t\t<p data-start=\"309\" data-end=\"579\">La Pasta House, <strong data-start=\"325\" data-end=\"410\">transform\u0103m aniversarea copilului t\u0103u \u00eentr-o experien\u021b\u0103 delicioas\u0103 \u0219i memorabil\u0103!<\/strong><br data-start=\"410\" data-end=\"413\" \/>Ne dorim ca fiecare z\u00e2mbet s\u0103 fie real, fiecare farfurie s\u0103 fie curat\u0103 \u0219i fiecare copil s\u0103 se bucure de o mas\u0103 <strong data-start=\"524\" data-end=\"577\">s\u0103n\u0103toas\u0103, colorat\u0103 \u0219i plin\u0103 de energie pozitiv\u0103.<\/strong><\/p><h5 data-start=\"581\" data-end=\"819\">De ce s\u0103 alegi pastele pentru aniversarea celor mici?<\/h5><p data-start=\"581\" data-end=\"819\"><br data-start=\"634\" data-end=\"637\" \/>Pentru c\u0103 <strong data-start=\"647\" data-end=\"678\">to\u021bi copiii iubesc pastele!<\/strong> Sunt vesele, gustoase, u\u0219or de combinat \u0219i pot fi adaptate \u00een zeci de forme \u0219i arome care cuceresc chiar \u0219i cei mai mofturo\u0219i invita\u021bi.\u00a0<\/p><p data-start=\"821\" data-end=\"1093\">Imagineaz\u0103-\u021bi mesele pline de culoare, r\u00e2sete \u0219i mirosul apetisant al pastelor proasp\u0103t g\u0103tite, din <strong data-start=\"921\" data-end=\"960\">f\u0103in\u0103 de gr\u00e2u dur m\u0103cinat\u0103 cu grij\u0103<\/strong> \u2013 pastele noastre artizanale sunt preparate \u00een buc\u0103t\u0103ria Pasta House, cu ingrediente atent alese \u0219i f\u0103r\u0103 compromisuri la calitate.<\/p><p data-start=\"1095\" data-end=\"1287\">Fie c\u0103 organizezi o petrecere mic\u0103 \u00een familie sau o aniversare mare cu to\u021bi prietenii, <strong data-start=\"1182\" data-end=\"1224\">meniul de paste este alegerea perfect\u0103<\/strong>: hr\u0103nitor, echilibrat \u0219i, cel mai important, iubit de copii!<\/p><h6 data-start=\"1095\" data-end=\"1287\"><strong data-start=\"1292\" data-end=\"1360\">La Pasta Kids Anniversary, m\u00e2ncarea devine parte din distrac\u021bie!<\/strong><\/h6><p data-start=\"1095\" data-end=\"1287\">Copiii se bucur\u0103 de gust, p\u0103rin\u021bii se bucur\u0103 de lini\u0219te \u2013 pentru c\u0103 \u0219tiu c\u0103 au ales o variant\u0103 s\u0103n\u0103toas\u0103 \u0219i gustoas\u0103 pentru cei mici.<\/p>\t\t\t\t\t\t\t\t<\/div>\n\t\t\t\t<\/div>\n\t\t<div class=\"elementor-element elementor-element-edadfd8 e-con-full e-flex e-con e-child\" data-id=\"edadfd8\" data-element_type=\"container\">\n\t\t\t\t<div class=\"elementor-element elementor-element-b29868d elementor-widget elementor-widget-text-editor\" data-id=\"b29868d\" data-element_type=\"widget\" data-widget_type=\"text-editor.default\">\n\t\t\t\t\t\t\t\t\t<p>\n<div class=\"wpcf7 no-js\" id=\"wpcf7-f11114-o1\" lang=\"ro-RO\" dir=\"ltr\" data-wpcf7-id=\"11114\">\n<div class=\"screen-reader-response\"><p role=\"status\" aria-live=\"polite\" aria-atomic=\"true\"><\/p> <ul><\/ul><\/div>\n<form action=\"\/en\/wp-json\/wp\/v2\/pages\/10706#wpcf7-f11114-o1\" method=\"post\" class=\"wpcf7-form init\" aria-label=\"Formular de contact\" novalidate=\"novalidate\" data-status=\"init\" data-trp-original-action=\"\/en\/wp-json\/wp\/v2\/pages\/10706#wpcf7-f11114-o1\">\n<fieldset class=\"hidden-fields-container\"><input type=\"hidden\" name=\"_wpcf7\" value=\"11114\" \/><input type=\"hidden\" name=\"_wpcf7_version\" value=\"6.1.2\" \/><input type=\"hidden\" name=\"_wpcf7_locale\" value=\"ro_RO\" \/><input type=\"hidden\" name=\"_wpcf7_unit_tag\" value=\"wpcf7-f11114-o1\" \/><input type=\"hidden\" name=\"_wpcf7_container_post\" value=\"0\" \/><input type=\"hidden\" name=\"_wpcf7_posted_data_hash\" value=\"\" \/>\n<\/fieldset>\n<div class=\"pasta-form\">\n\t<h3> Cere o ofert\u0103 pentru evenimentul t\u0103u\n\t<\/h3>\n\t<div class=\"form-grid\">\n\t\t<p><span class=\"wpcf7-form-control-wrap\" data-name=\"your-name\"><input size=\"40\" maxlength=\"400\" class=\"wpcf7-form-control wpcf7-text wpcf7-validates-as-required\" aria-required=\"true\" aria-invalid=\"false\" placeholder=\"Nume complet*\" value=\"\" type=\"text\" name=\"your-name\" \/><\/span><br \/>\n<span class=\"wpcf7-form-control-wrap\" data-name=\"your-email\"><input size=\"40\" maxlength=\"400\" class=\"wpcf7-form-control wpcf7-email wpcf7-validates-as-required wpcf7-text wpcf7-validates-as-email\" aria-required=\"true\" aria-invalid=\"false\" placeholder=\"Email*\" value=\"\" type=\"email\" name=\"your-email\" \/><\/span>\n\t\t<\/p>\n\t<\/div>\n\t<div class=\"form-grid\">\n\t\t<p><span class=\"wpcf7-form-control-wrap\" data-name=\"your-phone\"><input size=\"40\" maxlength=\"400\" class=\"wpcf7-form-control wpcf7-tel wpcf7-validates-as-required wpcf7-text wpcf7-validates-as-tel\" aria-required=\"true\" aria-invalid=\"false\" placeholder=\"Telefon*\" value=\"\" type=\"tel\" name=\"your-phone\" \/><\/span><br \/>\n<span class=\"wpcf7-form-control-wrap\" data-name=\"your-date\"><input class=\"wpcf7-form-control wpcf7-date wpcf7-validates-as-date\" aria-invalid=\"false\" placeholder=\"Data evenimentului\" value=\"\" type=\"date\" name=\"your-date\" \/><\/span>\n\t\t<\/p>\n\t<\/div>\n\t<p><span class=\"wpcf7-form-control-wrap\" data-name=\"your-message\"><textarea cols=\"40\" rows=\"10\" maxlength=\"2000\" class=\"wpcf7-form-control wpcf7-textarea wpcf7-validates-as-required\" aria-required=\"true\" aria-invalid=\"false\" placeholder=\"Scrie-ne c\u00e2teva detalii despre evenimentul t\u0103u...\" name=\"your-message\"><\/textarea><\/span>\n\t<\/p>\n\t<div class=\"form-submit\">\n\t\t<p><input class=\"wpcf7-form-control wpcf7-submit has-spinner\" type=\"submit\" value=\"Trimite cererea \u2709\ufe0f\" \/>\n\t\t<\/p>\n\t<\/div>\n<\/div><div class=\"wpcf7-response-output\" aria-hidden=\"true\"><\/div>\n<input type=\"hidden\" name=\"trp-form-language\" value=\"en\"\/><\/form>\n<\/div>\n<\/p>\t\t\t\t\t\t\t\t<\/div>\n\t\t\t\t<\/div>\n\t\t\t\t\t<\/div>\n\t\t\t\t<\/div>\n\t\t<div class=\"elementor-element elementor-element-ac74947 e-flex e-con-boxed e-con e-parent\" data-id=\"ac74947\" data-element_type=\"container\">\n\t\t\t\t\t<div class=\"e-con-inner\">\n\t\t\t\t<div class=\"elementor-element elementor-element-78cdce5 elementor-widget elementor-widget-html\" data-id=\"78cdce5\" data-element_type=\"widget\" data-widget_type=\"html.default\">\n\t\t\t\t\t<a href=\"tel:+40712345678\" class=\"pasta-cta-btn-black\">\r\n  <svg xmlns=\"http:\/\/www.w3.org\/2000\/svg\" \r\n       fill=\"#ffffff\" \r\n       viewbox=\"0 0 24 24\" \r\n       width=\"20\" \r\n       height=\"20\" \r\n       style=\"vertical-align:middle; margin-right:8px;\">\r\n    <path d=\"M6.62 10.79a15.053 15.053 0 006.59 6.59l2.2-2.2a1 1 0 011.01-.24c1.12.37 2.33.57 3.58.57a1 1 0 011 1V21a1 1 0 01-1 1C10.07 22 2 13.93 2 3a1 1 0 011-1h3.5a1 1 0 011 1c0 1.25.2 2.46.57 3.58a1 1 0 01-.24 1.01l-2.21 2.2z\"\/>\r\n  <\/svg>\r\n  <strong>Sun\u0103 acum pentru rezervare: +40 712 345 678<\/strong>\r\n<\/a>\r\n\r\n<style>\r\n.pasta-cta-btn-black {\r\n  display: inline-flex;\r\n  align-items: center;\r\n  justify-content: center;\r\n  background: #000;\r\n  color: #fff;\r\n  border: none;\r\n  padding: 12px 28px;\r\n  border-radius: 25px;\r\n  font-weight: 600;\r\n  font-size: 18px;\r\n  text-decoration: none;\r\n  cursor: pointer;\r\n  transition: all 0.3s ease;\r\n  box-shadow: 0 4px 10px rgba(0, 0, 0, 0.2);\r\n}\r\n.pasta-cta-btn-black:hover {\r\n  background: #1a1a1a;\r\n  transform: translateY(-2px);\r\n  box-shadow: 0 6px 14px rgba(0, 0, 0, 0.3);\r\n}\r\n.pasta-cta-btn-black strong {\r\n  color: #fff;\r\n  font-weight: 600;\r\n}\r\n<\/style>\r\n\t\t\t\t<\/div>\n\t\t\t\t\t<\/div>\n\t\t\t\t<\/div>\n\t\t\t\t<\/div>","protected":false},"excerpt":{"rendered":"<p>Pasta Kids Anniversary \u2013 Aniversarea copilului t\u0103u, delicioas\u0103 \u0219i s\u0103n\u0103toas\u0103! La Pasta House, transform\u0103m aniversarea copilului t\u0103u \u00eentr-o experien\u021b\u0103 delicioas\u0103 \u0219i memorabil\u0103!Ne dorim ca fiecare z\u00e2mbet s\u0103 fie real, fiecare farfurie s\u0103 fie curat\u0103 \u0219i fiecare copil s\u0103 se bucure de o mas\u0103 s\u0103n\u0103toas\u0103, colorat\u0103 \u0219i plin\u0103 de energie pozitiv\u0103. De ce s\u0103 alegi pastele &#8230;<\/p>","protected":false},"author":1,"featured_media":0,"parent":0,"menu_order":0,"comment_status":"closed","ping_status":"closed","template":"template-fullwidth.php","meta":{"_acf_changed":false,"inline_featured_image":false,"patiotime_single_page_hide_site_header":"","patiotime_single_page_site_header_source":"","patiotime_single_page_custom_site_header":"","patiotime_single_page_custom_sticky_site_header":"","patiotime_single_page_custom_page_title_margin_top_source":"","patiotime_single_page_custom_page_title_desktop_margin_top":"","patiotime_single_page_custom_page_title_tablet_margin_top":"","patiotime_single_page_custom_page_title_mobile_margin_top":"","patiotime_single_page_hide_page_title":"","patiotime_single_page_header_section_size":"","patiotime_single_page_header_background_color":"","patiotime_single_page_header_background_position_x":"center","patiotime_single_page_header_background_position_y":"center","patiotime_single_page_header_background_size":"cover","patiotime_single_page_header_background_repeat":"off","patiotime_single_page_header_background_scroll":"on","patiotime_single_page_header_text_color":"","patiotime_single_page_header_show_breadcrumb":"","patiotime_single_page_site_footer_hide_main":"","patiotime_single_custom_site_footer_main_source":"","patiotime_single_custom_site_footer_main":"","patiotime_single_page_site_footer_hide_above":"","patiotime_single_custom_site_footer_above_source":"","patiotime_single_custom_site_footer_above":"","patiotime_single_page_site_footer_hide_instagram":"","patiotime_single_page_site_footer_hide_bottom":"","patiotime_single_custom_mobile_menu_source":"","patiotime_single_custom_mobile_menu":"","patiotime_single_custom_mobile_menu_animation":"","patiotime_single_custom_mobile_menu_width":"","patiotime_single_custom_mobile_menu_custom_width":375,"footnotes":""},"class_list":["post-10706","page","type-page","status-publish","hentry"],"acf":[],"aioseo_notices":[],"_links":{"self":[{"href":"https:\/\/www.pastahouse.ro\/en\/wp-json\/wp\/v2\/pages\/10706","targetHints":{"allow":["GET"]}}],"collection":[{"href":"https:\/\/www.pastahouse.ro\/en\/wp-json\/wp\/v2\/pages"}],"about":[{"href":"https:\/\/www.pastahouse.ro\/en\/wp-json\/wp\/v2\/types\/page"}],"author":[{"embeddable":true,"href":"https:\/\/www.pastahouse.ro\/en\/wp-json\/wp\/v2\/users\/1"}],"replies":[{"embeddable":true,"href":"https:\/\/www.pastahouse.ro\/en\/wp-json\/wp\/v2\/comments?post=10706"}],"version-history":[{"count":23,"href":"https:\/\/www.pastahouse.ro\/en\/wp-json\/wp\/v2\/pages\/10706\/revisions"}],"predecessor-version":[{"id":11117,"href":"https:\/\/www.pastahouse.ro\/en\/wp-json\/wp\/v2\/pages\/10706\/revisions\/11117"}],"wp:attachment":[{"href":"https:\/\/www.pastahouse.ro\/en\/wp-json\/wp\/v2\/media?parent=10706"}],"curies":[{"name":"wp","href":"https:\/\/api.w.org\/{rel}","templated":true}]}}