{"id":10023,"date":"2023-07-16T10:23:19","date_gmt":"2023-07-16T08:23:19","guid":{"rendered":"https:\/\/www.pastahouse.ro\/?page_id=10023"},"modified":"2025-10-31T21:58:49","modified_gmt":"2025-10-31T19:58:49","slug":"pasta-bar-events","status":"publish","type":"page","link":"https:\/\/www.pastahouse.ro\/en\/pasta-bar-events\/","title":{"rendered":"Pasta Bar Events"},"content":{"rendered":"<div data-elementor-type=\"wp-page\" data-elementor-id=\"10023\" class=\"elementor elementor-10023\">\n\t\t\t\t<div class=\"elementor-element elementor-element-e510db9 e-flex e-con-boxed e-con e-parent\" data-id=\"e510db9\" data-element_type=\"container\">\n\t\t\t\t\t<div class=\"e-con-inner\">\n\t\t\t\t<div class=\"elementor-element elementor-element-6298446 elementor-widget elementor-widget-text-editor\" data-id=\"6298446\" data-element_type=\"widget\" data-widget_type=\"text-editor.default\">\n\t\t\t\t\t\t\t\t\t<h4 style=\"text-align: center;\">Pasta Bar Events \u2014 experien\u021ba culinar\u0103 interactiv\u0103 pentru orice ocazie<\/h4>\t\t\t\t\t\t\t\t<\/div>\n\t\t\t\t\t<\/div>\n\t\t\t\t<\/div>\n\t\t<div class=\"elementor-element elementor-element-da8b5e3 e-flex e-con-boxed e-con e-parent\" data-id=\"da8b5e3\" data-element_type=\"container\">\n\t\t\t\t\t<div class=\"e-con-inner\">\n\t\t<div class=\"elementor-element elementor-element-f0d38db e-con-full e-flex e-con e-child\" data-id=\"f0d38db\" data-element_type=\"container\">\n\t\t\t\t<div class=\"elementor-element elementor-element-9f44d22 elementor-widget elementor-widget-text-editor\" data-id=\"9f44d22\" data-element_type=\"widget\" data-widget_type=\"text-editor.default\">\n\t\t\t\t\t\t\t\t\t<p data-start=\"368\" data-end=\"655\">Evenimentele <strong data-start=\"381\" data-end=\"394\">Pasta Bar<\/strong> sunt o op\u021biune popular\u0103 de catering, unde oaspe\u021bii \u00ee\u0219i pot <strong data-start=\"454\" data-end=\"506\">personaliza propriile feluri de m\u00e2ncare cu paste<\/strong>. Este o modalitate <strong data-start=\"526\" data-end=\"568\">distractiv\u0103, interactiv\u0103 \u0219i delicioas\u0103<\/strong> de a servi m\u00e2ncarea la petreceri, nun\u021bi, evenimente corporate sau anivers\u0103ri speciale.<\/p><h4 data-start=\"657\" data-end=\"707\">Pasta Bar Events este alegerea ideal\u0103 pentru:<\/h4><ul><li data-start=\"708\" data-end=\"814\">\u00a0petreceri private (nun\u021bi, botezuri, anivers\u0103ri)<\/li><li data-start=\"708\" data-end=\"814\">\u00a0evenimente corporate<\/li><li data-start=\"708\" data-end=\"814\">petreceri pentru copii<\/li><\/ul><h4 data-start=\"816\" data-end=\"852\">Avantajul unui bufet Pasta Bar?<\/h4><ul><li data-start=\"853\" data-end=\"1354\">Totul este <strong data-start=\"864\" data-end=\"882\">personalizabil<\/strong>, \u00een func\u021bie de stilul \u0219i tematica evenimentului t\u0103u:<\/li><li data-start=\"853\" data-end=\"1354\">varietate de tipuri de paste<\/li><li data-start=\"853\" data-end=\"1354\">op\u021biuni tradi\u021bionale \u0219i vegetariene<\/li><li data-start=\"853\" data-end=\"1354\">sosuri delicioase \u0219i proaspete<\/li><li data-start=\"853\" data-end=\"1354\">topping-uri \u0219i adaosuri: br\u00e2nzeturi, ierburi aromate (busuioc, p\u0103trunjel), m\u0103sline, legume sotate (ciuperci, ardei gras), ro\u0219ii cherry<\/li><li data-start=\"853\" data-end=\"1354\">decor tematic \u0219i servicii adaptate<\/li><li data-start=\"853\" data-end=\"1354\">b\u0103uturi potrivite pentru fiecare ocazie<\/li><li data-start=\"853\" data-end=\"1354\">deserturi rafinate: tiramisu, lasagna cu pere \u0219i nuci, pasta dolce cu vanilie<\/li><\/ul>\t\t\t\t\t\t\t\t<\/div>\n\t\t\t\t<\/div>\n\t\t<div class=\"elementor-element elementor-element-edadfd8 e-con-full e-flex e-con e-child\" data-id=\"edadfd8\" data-element_type=\"container\">\n\t\t\t\t<div class=\"elementor-element elementor-element-b29868d elementor-widget elementor-widget-text-editor\" data-id=\"b29868d\" data-element_type=\"widget\" data-widget_type=\"text-editor.default\">\n\t\t\t\t\t\t\t\t\t<p>\n<div class=\"wpcf7 no-js\" id=\"wpcf7-f10664-o1\" lang=\"ro-RO\" dir=\"ltr\" data-wpcf7-id=\"10664\">\n<div class=\"screen-reader-response\"><p role=\"status\" aria-live=\"polite\" aria-atomic=\"true\"><\/p> <ul><\/ul><\/div>\n<form action=\"\/en\/wp-json\/wp\/v2\/pages\/10023#wpcf7-f10664-o1\" method=\"post\" class=\"wpcf7-form init\" aria-label=\"Formular de contact\" novalidate=\"novalidate\" data-status=\"init\" data-trp-original-action=\"\/en\/wp-json\/wp\/v2\/pages\/10023#wpcf7-f10664-o1\">\n<fieldset class=\"hidden-fields-container\"><input type=\"hidden\" name=\"_wpcf7\" value=\"10664\" \/><input type=\"hidden\" name=\"_wpcf7_version\" value=\"6.1.2\" \/><input type=\"hidden\" name=\"_wpcf7_locale\" value=\"ro_RO\" \/><input type=\"hidden\" name=\"_wpcf7_unit_tag\" value=\"wpcf7-f10664-o1\" \/><input type=\"hidden\" name=\"_wpcf7_container_post\" value=\"0\" \/><input type=\"hidden\" name=\"_wpcf7_posted_data_hash\" value=\"\" \/>\n<\/fieldset>\n<div class=\"pasta-form\">\n\t<h3> Cere o ofert\u0103 pentru evenimentul t\u0103u\n\t<\/h3>\n\t<div class=\"form-grid\">\n\t\t<p><span class=\"wpcf7-form-control-wrap\" data-name=\"your-name\"><input size=\"40\" maxlength=\"400\" class=\"wpcf7-form-control wpcf7-text wpcf7-validates-as-required\" aria-required=\"true\" aria-invalid=\"false\" placeholder=\"Nume complet*\" value=\"\" type=\"text\" name=\"your-name\" \/><\/span><br \/>\n<span class=\"wpcf7-form-control-wrap\" data-name=\"your-email\"><input size=\"40\" maxlength=\"400\" class=\"wpcf7-form-control wpcf7-email wpcf7-validates-as-required wpcf7-text wpcf7-validates-as-email\" aria-required=\"true\" aria-invalid=\"false\" placeholder=\"Email*\" value=\"\" type=\"email\" name=\"your-email\" \/><\/span>\n\t\t<\/p>\n\t<\/div>\n\t<div class=\"form-grid\">\n\t\t<p><span class=\"wpcf7-form-control-wrap\" data-name=\"your-phone\"><input size=\"40\" maxlength=\"400\" class=\"wpcf7-form-control wpcf7-tel wpcf7-validates-as-required wpcf7-text wpcf7-validates-as-tel\" aria-required=\"true\" aria-invalid=\"false\" placeholder=\"Telefon*\" value=\"\" type=\"tel\" name=\"your-phone\" \/><\/span><br \/>\n<span class=\"wpcf7-form-control-wrap\" data-name=\"your-date\"><input class=\"wpcf7-form-control wpcf7-date wpcf7-validates-as-date\" aria-invalid=\"false\" placeholder=\"Data evenimentului\" value=\"\" type=\"date\" name=\"your-date\" \/><\/span>\n\t\t<\/p>\n\t<\/div>\n\t<p><span class=\"wpcf7-form-control-wrap\" data-name=\"your-message\"><textarea cols=\"40\" rows=\"10\" maxlength=\"2000\" class=\"wpcf7-form-control wpcf7-textarea wpcf7-validates-as-required\" aria-required=\"true\" aria-invalid=\"false\" placeholder=\"Scrie-ne c\u00e2teva detalii despre evenimentul t\u0103u...\" name=\"your-message\"><\/textarea><\/span>\n\t<\/p>\n\t<div class=\"form-submit\">\n\t\t<p><input class=\"wpcf7-form-control wpcf7-submit has-spinner\" type=\"submit\" value=\"Trimite cererea \u2709\ufe0f\" \/>\n\t\t<\/p>\n\t<\/div>\n<\/div><div class=\"wpcf7-response-output\" aria-hidden=\"true\"><\/div>\n<input type=\"hidden\" name=\"trp-form-language\" value=\"en\"\/><\/form>\n<\/div>\n<\/p>\t\t\t\t\t\t\t\t<\/div>\n\t\t\t\t<\/div>\n\t\t\t\t\t<\/div>\n\t\t\t\t<\/div>\n\t\t\t\t<\/div>","protected":false},"excerpt":{"rendered":"<p>Pasta Bar Events \u2014 experien\u021ba culinar\u0103 interactiv\u0103 pentru orice ocazie Evenimentele Pasta Bar sunt o op\u021biune popular\u0103 de catering, unde oaspe\u021bii \u00ee\u0219i pot personaliza propriile feluri de m\u00e2ncare cu paste. Este o modalitate distractiv\u0103, interactiv\u0103 \u0219i delicioas\u0103 de a servi m\u00e2ncarea la petreceri, nun\u021bi, evenimente corporate sau anivers\u0103ri speciale. Pasta Bar Events este alegerea ideal\u0103 &#8230;<\/p>","protected":false},"author":1,"featured_media":0,"parent":0,"menu_order":0,"comment_status":"closed","ping_status":"closed","template":"template-fullwidth.php","meta":{"_acf_changed":false,"inline_featured_image":false,"patiotime_single_page_hide_site_header":"","patiotime_single_page_site_header_source":"","patiotime_single_page_custom_site_header":"","patiotime_single_page_custom_sticky_site_header":"","patiotime_single_page_custom_page_title_margin_top_source":"","patiotime_single_page_custom_page_title_desktop_margin_top":"","patiotime_single_page_custom_page_title_tablet_margin_top":"","patiotime_single_page_custom_page_title_mobile_margin_top":"","patiotime_single_page_hide_page_title":"","patiotime_single_page_header_section_size":"","patiotime_single_page_header_background_color":"","patiotime_single_page_header_background_position_x":"center","patiotime_single_page_header_background_position_y":"center","patiotime_single_page_header_background_size":"cover","patiotime_single_page_header_background_repeat":"off","patiotime_single_page_header_background_scroll":"on","patiotime_single_page_header_text_color":"","patiotime_single_page_header_show_breadcrumb":"","patiotime_single_page_site_footer_hide_main":"","patiotime_single_custom_site_footer_main_source":"","patiotime_single_custom_site_footer_main":"","patiotime_single_page_site_footer_hide_above":"","patiotime_single_custom_site_footer_above_source":"","patiotime_single_custom_site_footer_above":"","patiotime_single_page_site_footer_hide_instagram":"","patiotime_single_page_site_footer_hide_bottom":"","patiotime_single_custom_mobile_menu_source":"","patiotime_single_custom_mobile_menu":"","patiotime_single_custom_mobile_menu_animation":"","patiotime_single_custom_mobile_menu_width":"","patiotime_single_custom_mobile_menu_custom_width":375,"footnotes":""},"class_list":["post-10023","page","type-page","status-publish","hentry"],"acf":[],"aioseo_notices":[],"_links":{"self":[{"href":"https:\/\/www.pastahouse.ro\/en\/wp-json\/wp\/v2\/pages\/10023","targetHints":{"allow":["GET"]}}],"collection":[{"href":"https:\/\/www.pastahouse.ro\/en\/wp-json\/wp\/v2\/pages"}],"about":[{"href":"https:\/\/www.pastahouse.ro\/en\/wp-json\/wp\/v2\/types\/page"}],"author":[{"embeddable":true,"href":"https:\/\/www.pastahouse.ro\/en\/wp-json\/wp\/v2\/users\/1"}],"replies":[{"embeddable":true,"href":"https:\/\/www.pastahouse.ro\/en\/wp-json\/wp\/v2\/comments?post=10023"}],"version-history":[{"count":46,"href":"https:\/\/www.pastahouse.ro\/en\/wp-json\/wp\/v2\/pages\/10023\/revisions"}],"predecessor-version":[{"id":10960,"href":"https:\/\/www.pastahouse.ro\/en\/wp-json\/wp\/v2\/pages\/10023\/revisions\/10960"}],"wp:attachment":[{"href":"https:\/\/www.pastahouse.ro\/en\/wp-json\/wp\/v2\/media?parent=10023"}],"curies":[{"name":"wp","href":"https:\/\/api.w.org\/{rel}","templated":true}]}}